{"id":1115,"date":"2026-05-11T07:57:23","date_gmt":"2026-05-11T07:57:23","guid":{"rendered":"https:\/\/drasosmorkos.lt\/?page_id=1115"},"modified":"2026-05-11T07:57:23","modified_gmt":"2026-05-11T07:57:23","slug":"paskyra","status":"publish","type":"page","link":"https:\/\/drasosmorkos.lt\/?page_id=1115","title":{"rendered":"Paskyra"},"content":{"rendered":"<div class=\"woocommerce\"><div class=\"woocommerce-notices-wrapper\"><\/div>\n\n\t\t<h2>Prisijungti<\/h2>\n\n\t\t<form class=\"woocommerce-form woocommerce-form-login login\" method=\"post\" novalidate>\n\n\t\t\t\n\t\t\t<p class=\"woocommerce-form-row woocommerce-form-row--wide form-row form-row-wide\">\n\t\t\t\t<label for=\"username\">Vartotojo vardas arba el. pa\u0161tas&nbsp;<span class=\"required\" aria-hidden=\"true\">*<\/span><span class=\"screen-reader-text\">Privalomas<\/span><\/label>\n\t\t\t\t<input type=\"text\" class=\"woocommerce-Input woocommerce-Input--text input-text\" name=\"username\" id=\"username\" autocomplete=\"username\" value=\"\" required aria-required=\"true\" \/>\t\t\t<\/p>\n\t\t\t<p class=\"woocommerce-form-row woocommerce-form-row--wide form-row form-row-wide\">\n\t\t\t\t<label for=\"password\">Slapta\u017eodis&nbsp;<span class=\"required\" aria-hidden=\"true\">*<\/span><span class=\"screen-reader-text\">Privalomas<\/span><\/label>\n\t\t\t\t<input class=\"woocommerce-Input woocommerce-Input--text input-text\" type=\"password\" name=\"password\" id=\"password\" autocomplete=\"current-password\" required aria-required=\"true\" \/>\n\t\t\t<\/p>\n\n\t\t\t\n\t\t\t<p class=\"form-row\">\n\t\t\t\t<label class=\"woocommerce-form__label woocommerce-form__label-for-checkbox woocommerce-form-login__rememberme\">\n\t\t\t\t\t<input class=\"woocommerce-form__input woocommerce-form__input-checkbox\" name=\"rememberme\" type=\"checkbox\" id=\"rememberme\" value=\"forever\" \/> <span>Prisiminti mane<\/span>\n\t\t\t\t<\/label>\n\t\t\t\t<input type=\"hidden\" id=\"woocommerce-login-nonce\" name=\"woocommerce-login-nonce\" value=\"406ea8e74e\" \/><input type=\"hidden\" name=\"_wp_http_referer\" value=\"\/index.php?rest_route=%2Fwp%2Fv2%2Fpages%2F1115\" \/>\t\t\t\t<button type=\"submit\" class=\"woocommerce-button button woocommerce-form-login__submit wp-element-button\" name=\"login\" value=\"Prisijungti\">Prisijungti<\/button>\n\t\t\t<\/p>\n\t\t\t<p class=\"woocommerce-LostPassword lost_password\">\n\t\t\t\t<a href=\"https:\/\/drasosmorkos.lt\/?page_id=1115&#038;lost-password\">Praradote savo slapta\u017eod\u012f?<\/a>\n\t\t\t<\/p>\n\n\t\t\t\n\t\t<\/form>\n\n\n<\/div>\n","protected":false},"excerpt":{"rendered":"","protected":false},"author":1,"featured_media":0,"parent":0,"menu_order":0,"comment_status":"closed","ping_status":"closed","template":"","meta":{"_crdt_document":"","footnotes":""},"class_list":["post-1115","page","type-page","status-publish","hentry"],"yoast_head":"<!-- This site is optimized with the Yoast SEO plugin v26.4 - https:\/\/yoast.com\/wordpress\/plugins\/seo\/ -->\n<title>Paskyra - Dr\u0105sos morkos<\/title>\n<meta name=\"robots\" content=\"index, follow, max-snippet:-1, max-image-preview:large, max-video-preview:-1\" \/>\n<link rel=\"canonical\" href=\"https:\/\/drasosmorkos.lt\/?page_id=1115\" \/>\n<meta property=\"og:locale\" content=\"lt_LT\" \/>\n<meta property=\"og:type\" content=\"article\" \/>\n<meta property=\"og:title\" content=\"Paskyra - Dr\u0105sos morkos\" \/>\n<meta property=\"og:url\" content=\"https:\/\/drasosmorkos.lt\/?page_id=1115\" \/>\n<meta property=\"og:site_name\" content=\"Dr\u0105sos morkos\" \/>\n<meta property=\"article:publisher\" content=\"https:\/\/www.facebook.com\/drasosmorkos\/\" \/>\n<meta name=\"twitter:card\" content=\"summary_large_image\" \/>\n<script type=\"application\/ld+json\" class=\"yoast-schema-graph\">{\"@context\":\"https:\/\/schema.org\",\"@graph\":[{\"@type\":\"WebPage\",\"@id\":\"https:\/\/drasosmorkos.lt\/?page_id=1115\",\"url\":\"https:\/\/drasosmorkos.lt\/?page_id=1115\",\"name\":\"Paskyra - Dr\u0105sos morkos\",\"isPartOf\":{\"@id\":\"https:\/\/drasosmorkos.lt\/#website\"},\"datePublished\":\"2026-05-11T07:57:23+00:00\",\"breadcrumb\":{\"@id\":\"https:\/\/drasosmorkos.lt\/?page_id=1115#breadcrumb\"},\"inLanguage\":\"lt-LT\",\"potentialAction\":[{\"@type\":\"ReadAction\",\"target\":[\"https:\/\/drasosmorkos.lt\/?page_id=1115\"]}]},{\"@type\":\"BreadcrumbList\",\"@id\":\"https:\/\/drasosmorkos.lt\/?page_id=1115#breadcrumb\",\"itemListElement\":[{\"@type\":\"ListItem\",\"position\":1,\"name\":\"Home\",\"item\":\"https:\/\/drasosmorkos.lt\/\"},{\"@type\":\"ListItem\",\"position\":2,\"name\":\"Paskyra\"}]},{\"@type\":\"WebSite\",\"@id\":\"https:\/\/drasosmorkos.lt\/#website\",\"url\":\"https:\/\/drasosmorkos.lt\/\",\"name\":\"Dr\u0105sos morkos\",\"description\":\"Angl\u0173 kalbos pokalbi\u0173 klubas Jonavoje\",\"publisher\":{\"@id\":\"https:\/\/drasosmorkos.lt\/#organization\"},\"potentialAction\":[{\"@type\":\"SearchAction\",\"target\":{\"@type\":\"EntryPoint\",\"urlTemplate\":\"https:\/\/drasosmorkos.lt\/?s={search_term_string}\"},\"query-input\":{\"@type\":\"PropertyValueSpecification\",\"valueRequired\":true,\"valueName\":\"search_term_string\"}}],\"inLanguage\":\"lt-LT\"},{\"@type\":\"Organization\",\"@id\":\"https:\/\/drasosmorkos.lt\/#organization\",\"name\":\"Dr\u0105sos morkos\",\"url\":\"https:\/\/drasosmorkos.lt\/\",\"logo\":{\"@type\":\"ImageObject\",\"inLanguage\":\"lt-LT\",\"@id\":\"https:\/\/drasosmorkos.lt\/#\/schema\/logo\/image\/\",\"url\":\"https:\/\/drasosmorkos.lt\/wp-content\/uploads\/2025\/11\/Drasos-morkos_logotipas_galutinis-variantas-4.png\",\"contentUrl\":\"https:\/\/drasosmorkos.lt\/wp-content\/uploads\/2025\/11\/Drasos-morkos_logotipas_galutinis-variantas-4.png\",\"width\":500,\"height\":500,\"caption\":\"Dr\u0105sos morkos\"},\"image\":{\"@id\":\"https:\/\/drasosmorkos.lt\/#\/schema\/logo\/image\/\"},\"sameAs\":[\"https:\/\/www.facebook.com\/drasosmorkos\/\",\"https:\/\/www.instagram.com\/drasosmorkos\/\"]}]}<\/script>\n<!-- \/ Yoast SEO plugin. -->","yoast_head_json":{"title":"Paskyra - Dr\u0105sos morkos","robots":{"index":"index","follow":"follow","max-snippet":"max-snippet:-1","max-image-preview":"max-image-preview:large","max-video-preview":"max-video-preview:-1"},"canonical":"https:\/\/drasosmorkos.lt\/?page_id=1115","og_locale":"lt_LT","og_type":"article","og_title":"Paskyra - Dr\u0105sos morkos","og_url":"https:\/\/drasosmorkos.lt\/?page_id=1115","og_site_name":"Dr\u0105sos morkos","article_publisher":"https:\/\/www.facebook.com\/drasosmorkos\/","twitter_card":"summary_large_image","schema":{"@context":"https:\/\/schema.org","@graph":[{"@type":"WebPage","@id":"https:\/\/drasosmorkos.lt\/?page_id=1115","url":"https:\/\/drasosmorkos.lt\/?page_id=1115","name":"Paskyra - Dr\u0105sos morkos","isPartOf":{"@id":"https:\/\/drasosmorkos.lt\/#website"},"datePublished":"2026-05-11T07:57:23+00:00","breadcrumb":{"@id":"https:\/\/drasosmorkos.lt\/?page_id=1115#breadcrumb"},"inLanguage":"lt-LT","potentialAction":[{"@type":"ReadAction","target":["https:\/\/drasosmorkos.lt\/?page_id=1115"]}]},{"@type":"BreadcrumbList","@id":"https:\/\/drasosmorkos.lt\/?page_id=1115#breadcrumb","itemListElement":[{"@type":"ListItem","position":1,"name":"Home","item":"https:\/\/drasosmorkos.lt\/"},{"@type":"ListItem","position":2,"name":"Paskyra"}]},{"@type":"WebSite","@id":"https:\/\/drasosmorkos.lt\/#website","url":"https:\/\/drasosmorkos.lt\/","name":"Dr\u0105sos morkos","description":"Angl\u0173 kalbos pokalbi\u0173 klubas Jonavoje","publisher":{"@id":"https:\/\/drasosmorkos.lt\/#organization"},"potentialAction":[{"@type":"SearchAction","target":{"@type":"EntryPoint","urlTemplate":"https:\/\/drasosmorkos.lt\/?s={search_term_string}"},"query-input":{"@type":"PropertyValueSpecification","valueRequired":true,"valueName":"search_term_string"}}],"inLanguage":"lt-LT"},{"@type":"Organization","@id":"https:\/\/drasosmorkos.lt\/#organization","name":"Dr\u0105sos morkos","url":"https:\/\/drasosmorkos.lt\/","logo":{"@type":"ImageObject","inLanguage":"lt-LT","@id":"https:\/\/drasosmorkos.lt\/#\/schema\/logo\/image\/","url":"https:\/\/drasosmorkos.lt\/wp-content\/uploads\/2025\/11\/Drasos-morkos_logotipas_galutinis-variantas-4.png","contentUrl":"https:\/\/drasosmorkos.lt\/wp-content\/uploads\/2025\/11\/Drasos-morkos_logotipas_galutinis-variantas-4.png","width":500,"height":500,"caption":"Dr\u0105sos morkos"},"image":{"@id":"https:\/\/drasosmorkos.lt\/#\/schema\/logo\/image\/"},"sameAs":["https:\/\/www.facebook.com\/drasosmorkos\/","https:\/\/www.instagram.com\/drasosmorkos\/"]}]}},"_hostinger_reach_plugin_has_subscription_block":false,"_hostinger_reach_plugin_is_elementor":false,"_links":{"self":[{"href":"https:\/\/drasosmorkos.lt\/index.php?rest_route=\/wp\/v2\/pages\/1115","targetHints":{"allow":["GET"]}}],"collection":[{"href":"https:\/\/drasosmorkos.lt\/index.php?rest_route=\/wp\/v2\/pages"}],"about":[{"href":"https:\/\/drasosmorkos.lt\/index.php?rest_route=\/wp\/v2\/types\/page"}],"author":[{"embeddable":true,"href":"https:\/\/drasosmorkos.lt\/index.php?rest_route=\/wp\/v2\/users\/1"}],"replies":[{"embeddable":true,"href":"https:\/\/drasosmorkos.lt\/index.php?rest_route=%2Fwp%2Fv2%2Fcomments&post=1115"}],"version-history":[{"count":0,"href":"https:\/\/drasosmorkos.lt\/index.php?rest_route=\/wp\/v2\/pages\/1115\/revisions"}],"wp:attachment":[{"href":"https:\/\/drasosmorkos.lt\/index.php?rest_route=%2Fwp%2Fv2%2Fmedia&parent=1115"}],"curies":[{"name":"wp","href":"https:\/\/api.w.org\/{rel}","templated":true}]}}