{"id":146,"date":"2025-08-23T17:55:35","date_gmt":"2025-08-23T17:55:35","guid":{"rendered":"https:\/\/drasosmorkos.lt\/?page_id=146"},"modified":"2026-03-21T20:14:13","modified_gmt":"2026-03-21T20:14:13","slug":"anglu-kalbos-kursai-pradedantiesiems","status":"publish","type":"page","link":"https:\/\/drasosmorkos.lt\/?page_id=146","title":{"rendered":"Angl\u0173 kalbos pokalbi\u0173 klubas pradedantiesiems"},"content":{"rendered":"\n<p class=\"has-heading-color has-text-color has-link-color wp-elements-5da3cb5d6a99584ec5e65b6ed60ed648 wp-block-paragraph\">Prisijunkite prie <strong>Jonavoje gyvai<\/strong> veikian\u010dio <strong>angl\u0173 kalbos pokalbi\u0173 klubo pradedantiesiems<\/strong> ir atraskite, kaip lengvai ir smagiai \u012fgyti pokalbio \u012fg\u016bd\u017ei\u0173:<\/p>\n\n\n\n<ul class=\"wp-block-list\">\n<li class=\"has-secondary-color has-text-color has-link-color wp-elements-f0dac6ada8e46554393c4f799a20c72e\"><strong>Prad\u0117kite nuo nulio<\/strong> \u2013 net jei dar niekada nekalb\u0117jote angl\u0173, m\u016bs\u0173 interaktyvios pamokos pad\u0117s jums lengvai \u017eengti pirmuosius \u017eingsnius.<\/li>\n\n\n\n<li class=\"has-secondary-color has-text-color has-link-color wp-elements-b593a688ebd08416483906acecfff229\"><strong>Praktikuokite pokalb\u012f<\/strong> \u2013 mokykit\u0117s kasdien\u0117se situacijose ir dr\u0105siai naudokite naujas frazes.<\/li>\n\n\n\n<li class=\"has-secondary-color has-text-color has-link-color wp-elements-76a7e593139e42ddfc4a4bd6ae1b5a4f\"><strong>Mokykit\u0117s k\u016brybi\u0161kai<\/strong> \u2013 \u012ftraukian\u010dios veiklos ir \u017eaidimai padeda mokytis smagiai ir be streso.<\/li>\n\n\n\n<li class=\"has-secondary-color has-text-color has-link-color wp-elements-0ae35f6363180027a18848c362fe51c5\"><strong>Jauskit\u0117s pasitikintys<\/strong> \u2013 kartu su kitais dalyviams \u012fgysite dr\u0105sos kalb\u0117ti ir bendrauti angl\u0173 kalba.<\/li>\n\n\n\n<li class=\"has-secondary-color has-text-color has-link-color wp-elements-c39204aaf4602fafcd583a0a4c22e24c\"><strong>Mokymasis su malonumu<\/strong> \u2013 kiekviena pamoka suteikia d\u017eiaugsmo ir motyvacijos toliau tobul\u0117ti.<\/li>\n\n\n\n<li class=\"has-secondary-color has-text-color has-link-color wp-elements-0d2fae298bb57e468aeabf5cce7cd4ec\">U\u017esi\u0117mimai vyksta gyvai 2 kartus per savait\u0119 po 2 akademines valandas.<\/li>\n\n\n\n<li class=\"has-secondary-color has-text-color has-link-color wp-elements-02e87b3d6897728971ef77b0d7b6ee5a\">Trukm\u0117 &#8211; 4 m\u0117nesiai<\/li>\n\n\n\n<li>Kaina &#8211; 110 Eur\/m\u0117n,<\/li>\n\n\n\n<li class=\"has-secondary-color has-text-color has-link-color wp-elements-e0406eedb609921439fcfc161fd86904\">Pateikiama mokymo med\u017eiaga<\/li>\n<\/ul>\n\n\n\n<p class=\"wp-block-paragraph\">Prad\u0117kite kalb\u0117ti angl\u0173 <strong>su pasitik\u0117jimu ir d\u017eiaugsmu<\/strong> jau \u0161iandien!<\/p>\n\n\n\n<div class=\"wp-block-buttons is-layout-flex wp-block-buttons-is-layout-flex\">\n<div class=\"wp-block-button\"><a class=\"wp-block-button__link wp-element-button\" href=\"https:\/\/drasosmorkos.lt\/?page_id=443\">Registruotis<\/a><\/div>\n<\/div>\n\n\n\n<p class=\"has-heading-color has-text-color has-link-color wp-elements-af93302d61a590f2aa8fb8f3eb238838 wp-block-paragraph\">\ud83d\udce9<a>drasosmorkos@gmail.com<\/a> | \ud83d\udcde +370 655 49169<\/p>\n\n\n\n<div class=\"wp-block-columns is-layout-flex wp-container-core-columns-is-layout-7387b849 wp-block-columns-is-layout-flex\">\n<div class=\"wp-block-column is-layout-flow wp-block-column-is-layout-flow\" style=\"flex-basis:100%\"><\/div>\n<\/div>\n","protected":false},"excerpt":{"rendered":"<p>Prisijunkite prie Jonavoje gyvai veikian\u010dio angl\u0173 kalbos pokalbi\u0173 klubo pradedantiesiems ir atraskite, kaip lengvai ir smagiai \u012fgyti pokalbio \u012fg\u016bd\u017ei\u0173: Prad\u0117kite kalb\u0117ti angl\u0173 su pasitik\u0117jimu ir d\u017eiaugsmu jau \u0161iandien! \ud83d\udce9drasosmorkos@gmail.com | \ud83d\udcde +370 655 49169<\/p>\n","protected":false},"author":1,"featured_media":0,"parent":0,"menu_order":0,"comment_status":"closed","ping_status":"closed","template":"","meta":{"_crdt_document":"","footnotes":""},"class_list":["post-146","page","type-page","status-publish","hentry"],"yoast_head":"<!-- This site is optimized with the Yoast SEO plugin v26.4 - https:\/\/yoast.com\/wordpress\/plugins\/seo\/ -->\n<title>Angl\u0173 kalbos pokalbi\u0173 klubas pradedantiesiems - Dr\u0105sos morkos<\/title>\n<meta name=\"description\" content=\"Prisijunkite prie angl\u0173 kalbos pokalbi\u0173 klubo pradedantiesiems \u2013 mokykit\u0117s kalb\u0117ti dr\u0105siai, k\u016brybi\u0161kai ir su malonumu nuo pat pirmos pamokos!\" \/>\n<meta name=\"robots\" content=\"index, follow, max-snippet:-1, max-image-preview:large, max-video-preview:-1\" \/>\n<link rel=\"canonical\" href=\"https:\/\/drasosmorkos.lt\/?page_id=146\" \/>\n<meta property=\"og:locale\" content=\"lt_LT\" \/>\n<meta property=\"og:type\" content=\"article\" \/>\n<meta property=\"og:title\" content=\"Angl\u0173 kalbos pokalbi\u0173 klubas pradedantiesiems - Dr\u0105sos morkos\" \/>\n<meta property=\"og:description\" content=\"Prisijunkite prie angl\u0173 kalbos pokalbi\u0173 klubo pradedantiesiems \u2013 mokykit\u0117s kalb\u0117ti dr\u0105siai, k\u016brybi\u0161kai ir su malonumu nuo pat pirmos pamokos!\" \/>\n<meta property=\"og:url\" content=\"https:\/\/drasosmorkos.lt\/?page_id=146\" \/>\n<meta property=\"og:site_name\" content=\"Dr\u0105sos morkos\" \/>\n<meta property=\"article:publisher\" content=\"https:\/\/www.facebook.com\/drasosmorkos\/\" \/>\n<meta property=\"article:modified_time\" content=\"2026-03-21T20:14:13+00:00\" \/>\n<meta name=\"twitter:card\" content=\"summary_large_image\" \/>\n<meta name=\"twitter:label1\" content=\"Est. reading time\" \/>\n\t<meta name=\"twitter:data1\" content=\"1 minut\u0117\" \/>\n<script type=\"application\/ld+json\" class=\"yoast-schema-graph\">{\"@context\":\"https:\/\/schema.org\",\"@graph\":[{\"@type\":\"WebPage\",\"@id\":\"https:\/\/drasosmorkos.lt\/?page_id=146\",\"url\":\"https:\/\/drasosmorkos.lt\/?page_id=146\",\"name\":\"Angl\u0173 kalbos pokalbi\u0173 klubas pradedantiesiems - Dr\u0105sos morkos\",\"isPartOf\":{\"@id\":\"https:\/\/drasosmorkos.lt\/#website\"},\"datePublished\":\"2025-08-23T17:55:35+00:00\",\"dateModified\":\"2026-03-21T20:14:13+00:00\",\"description\":\"Prisijunkite prie angl\u0173 kalbos pokalbi\u0173 klubo pradedantiesiems \u2013 mokykit\u0117s kalb\u0117ti dr\u0105siai, k\u016brybi\u0161kai ir su malonumu nuo pat pirmos pamokos!\",\"breadcrumb\":{\"@id\":\"https:\/\/drasosmorkos.lt\/?page_id=146#breadcrumb\"},\"inLanguage\":\"lt-LT\",\"potentialAction\":[{\"@type\":\"ReadAction\",\"target\":[\"https:\/\/drasosmorkos.lt\/?page_id=146\"]}]},{\"@type\":\"BreadcrumbList\",\"@id\":\"https:\/\/drasosmorkos.lt\/?page_id=146#breadcrumb\",\"itemListElement\":[{\"@type\":\"ListItem\",\"position\":1,\"name\":\"Home\",\"item\":\"https:\/\/drasosmorkos.lt\/\"},{\"@type\":\"ListItem\",\"position\":2,\"name\":\"Angl\u0173 kalbos pokalbi\u0173 klubas pradedantiesiems\"}]},{\"@type\":\"WebSite\",\"@id\":\"https:\/\/drasosmorkos.lt\/#website\",\"url\":\"https:\/\/drasosmorkos.lt\/\",\"name\":\"Dr\u0105sos morkos\",\"description\":\"\",\"publisher\":{\"@id\":\"https:\/\/drasosmorkos.lt\/#organization\"},\"potentialAction\":[{\"@type\":\"SearchAction\",\"target\":{\"@type\":\"EntryPoint\",\"urlTemplate\":\"https:\/\/drasosmorkos.lt\/?s={search_term_string}\"},\"query-input\":{\"@type\":\"PropertyValueSpecification\",\"valueRequired\":true,\"valueName\":\"search_term_string\"}}],\"inLanguage\":\"lt-LT\"},{\"@type\":\"Organization\",\"@id\":\"https:\/\/drasosmorkos.lt\/#organization\",\"name\":\"Dr\u0105sos morkos\",\"url\":\"https:\/\/drasosmorkos.lt\/\",\"logo\":{\"@type\":\"ImageObject\",\"inLanguage\":\"lt-LT\",\"@id\":\"https:\/\/drasosmorkos.lt\/#\/schema\/logo\/image\/\",\"url\":\"https:\/\/drasosmorkos.lt\/wp-content\/uploads\/2025\/11\/Drasos-morkos_logotipas_galutinis-variantas-4.png\",\"contentUrl\":\"https:\/\/drasosmorkos.lt\/wp-content\/uploads\/2025\/11\/Drasos-morkos_logotipas_galutinis-variantas-4.png\",\"width\":500,\"height\":500,\"caption\":\"Dr\u0105sos morkos\"},\"image\":{\"@id\":\"https:\/\/drasosmorkos.lt\/#\/schema\/logo\/image\/\"},\"sameAs\":[\"https:\/\/www.facebook.com\/drasosmorkos\/\",\"https:\/\/www.instagram.com\/drasosmorkos\/\"]}]}<\/script>\n<!-- \/ Yoast SEO plugin. -->","yoast_head_json":{"title":"Angl\u0173 kalbos pokalbi\u0173 klubas pradedantiesiems - Dr\u0105sos morkos","description":"Prisijunkite prie angl\u0173 kalbos pokalbi\u0173 klubo pradedantiesiems \u2013 mokykit\u0117s kalb\u0117ti dr\u0105siai, k\u016brybi\u0161kai ir su malonumu nuo pat pirmos pamokos!","robots":{"index":"index","follow":"follow","max-snippet":"max-snippet:-1","max-image-preview":"max-image-preview:large","max-video-preview":"max-video-preview:-1"},"canonical":"https:\/\/drasosmorkos.lt\/?page_id=146","og_locale":"lt_LT","og_type":"article","og_title":"Angl\u0173 kalbos pokalbi\u0173 klubas pradedantiesiems - Dr\u0105sos morkos","og_description":"Prisijunkite prie angl\u0173 kalbos pokalbi\u0173 klubo pradedantiesiems \u2013 mokykit\u0117s kalb\u0117ti dr\u0105siai, k\u016brybi\u0161kai ir su malonumu nuo pat pirmos pamokos!","og_url":"https:\/\/drasosmorkos.lt\/?page_id=146","og_site_name":"Dr\u0105sos morkos","article_publisher":"https:\/\/www.facebook.com\/drasosmorkos\/","article_modified_time":"2026-03-21T20:14:13+00:00","twitter_card":"summary_large_image","twitter_misc":{"Est. reading time":"1 minut\u0117"},"schema":{"@context":"https:\/\/schema.org","@graph":[{"@type":"WebPage","@id":"https:\/\/drasosmorkos.lt\/?page_id=146","url":"https:\/\/drasosmorkos.lt\/?page_id=146","name":"Angl\u0173 kalbos pokalbi\u0173 klubas pradedantiesiems - Dr\u0105sos morkos","isPartOf":{"@id":"https:\/\/drasosmorkos.lt\/#website"},"datePublished":"2025-08-23T17:55:35+00:00","dateModified":"2026-03-21T20:14:13+00:00","description":"Prisijunkite prie angl\u0173 kalbos pokalbi\u0173 klubo pradedantiesiems \u2013 mokykit\u0117s kalb\u0117ti dr\u0105siai, k\u016brybi\u0161kai ir su malonumu nuo pat pirmos pamokos!","breadcrumb":{"@id":"https:\/\/drasosmorkos.lt\/?page_id=146#breadcrumb"},"inLanguage":"lt-LT","potentialAction":[{"@type":"ReadAction","target":["https:\/\/drasosmorkos.lt\/?page_id=146"]}]},{"@type":"BreadcrumbList","@id":"https:\/\/drasosmorkos.lt\/?page_id=146#breadcrumb","itemListElement":[{"@type":"ListItem","position":1,"name":"Home","item":"https:\/\/drasosmorkos.lt\/"},{"@type":"ListItem","position":2,"name":"Angl\u0173 kalbos pokalbi\u0173 klubas pradedantiesiems"}]},{"@type":"WebSite","@id":"https:\/\/drasosmorkos.lt\/#website","url":"https:\/\/drasosmorkos.lt\/","name":"Dr\u0105sos morkos","description":"","publisher":{"@id":"https:\/\/drasosmorkos.lt\/#organization"},"potentialAction":[{"@type":"SearchAction","target":{"@type":"EntryPoint","urlTemplate":"https:\/\/drasosmorkos.lt\/?s={search_term_string}"},"query-input":{"@type":"PropertyValueSpecification","valueRequired":true,"valueName":"search_term_string"}}],"inLanguage":"lt-LT"},{"@type":"Organization","@id":"https:\/\/drasosmorkos.lt\/#organization","name":"Dr\u0105sos morkos","url":"https:\/\/drasosmorkos.lt\/","logo":{"@type":"ImageObject","inLanguage":"lt-LT","@id":"https:\/\/drasosmorkos.lt\/#\/schema\/logo\/image\/","url":"https:\/\/drasosmorkos.lt\/wp-content\/uploads\/2025\/11\/Drasos-morkos_logotipas_galutinis-variantas-4.png","contentUrl":"https:\/\/drasosmorkos.lt\/wp-content\/uploads\/2025\/11\/Drasos-morkos_logotipas_galutinis-variantas-4.png","width":500,"height":500,"caption":"Dr\u0105sos morkos"},"image":{"@id":"https:\/\/drasosmorkos.lt\/#\/schema\/logo\/image\/"},"sameAs":["https:\/\/www.facebook.com\/drasosmorkos\/","https:\/\/www.instagram.com\/drasosmorkos\/"]}]}},"_hostinger_reach_plugin_has_subscription_block":false,"_hostinger_reach_plugin_is_elementor":false,"_links":{"self":[{"href":"https:\/\/drasosmorkos.lt\/index.php?rest_route=\/wp\/v2\/pages\/146","targetHints":{"allow":["GET"]}}],"collection":[{"href":"https:\/\/drasosmorkos.lt\/index.php?rest_route=\/wp\/v2\/pages"}],"about":[{"href":"https:\/\/drasosmorkos.lt\/index.php?rest_route=\/wp\/v2\/types\/page"}],"author":[{"embeddable":true,"href":"https:\/\/drasosmorkos.lt\/index.php?rest_route=\/wp\/v2\/users\/1"}],"replies":[{"embeddable":true,"href":"https:\/\/drasosmorkos.lt\/index.php?rest_route=%2Fwp%2Fv2%2Fcomments&post=146"}],"version-history":[{"count":15,"href":"https:\/\/drasosmorkos.lt\/index.php?rest_route=\/wp\/v2\/pages\/146\/revisions"}],"predecessor-version":[{"id":957,"href":"https:\/\/drasosmorkos.lt\/index.php?rest_route=\/wp\/v2\/pages\/146\/revisions\/957"}],"wp:attachment":[{"href":"https:\/\/drasosmorkos.lt\/index.php?rest_route=%2Fwp%2Fv2%2Fmedia&parent=146"}],"curies":[{"name":"wp","href":"https:\/\/api.w.org\/{rel}","templated":true}]}}