{"id":154,"date":"2025-08-23T18:11:37","date_gmt":"2025-08-23T18:11:37","guid":{"rendered":"https:\/\/drasosmorkos.lt\/?page_id=154"},"modified":"2026-03-22T23:02:24","modified_gmt":"2026-03-22T23:02:24","slug":"anglu-kalbos-kursai-pazengusiems","status":"publish","type":"page","link":"https:\/\/drasosmorkos.lt\/?page_id=154","title":{"rendered":"Angl\u0173 kalbos pokalbi\u0173 klubas pa\u017eengusiems"},"content":{"rendered":"\n<p class=\"has-heading-color has-text-color has-link-color wp-elements-00ae4bf989ed66b24e2d69326552ef8d wp-block-paragraph\"><strong>Stiprinkite savo pokalbio \u012fg\u016bd\u017eius dr\u0105siai ir k\u016brybi\u0161kai<\/strong><\/p>\n\n\n\n<p class=\"has-secondary-color has-text-color has-link-color wp-elements-724c4903f6d58bb580cb1d44715cb6c2 wp-block-paragraph\">Klubas veikia Jonavoje gyvai. Jei jau \u012fgijote pagrind\u0173, m\u016bs\u0173 klubas pad\u0117s jums \u017eengti dar vien\u0105 \u017eingsn\u012f \u2013 laisvai, k\u016brybi\u0161kai ir pasitikint savimi bendrauti angl\u0173 kalba. Kiekviena pamoka \u010dia \u2013 nauja galimyb\u0117 tobul\u0117ti ir atrasti k\u016brybin\u0119 kalbos pus\u0119.<\/p>\n\n\n\n<p class=\"has-body-text-font-size wp-block-paragraph\">U\u017esi\u0117mimai vyksta gyvai 2 kartus per savait\u0119 po 2 akademines valandas.<\/p>\n\n\n\n<p class=\"has-body-text-color has-text-color has-link-color has-body-text-font-size wp-elements-484c8daeae591ef1922781d77107c61b wp-block-paragraph\">Trukm\u0117 &#8211; 4 m\u0117nesiai.<\/p>\n\n\n\n<p class=\"wp-block-paragraph\">Kaina &#8211; 110 Eur\/m\u0117n.<\/p>\n\n\n\n<p class=\"has-secondary-color has-text-color has-link-color has-body-text-font-size wp-elements-4485476167ff4e4f391feb7207c0db27 wp-block-paragraph\">Pateikiama mokymo med\u017eiaga<\/p>\n\n\n\n<h3 class=\"wp-block-heading\"><strong>Kod\u0117l verta prisijungti?<\/strong><\/h3>\n\n\n\n<h4 class=\"wp-block-heading\"><strong>Tobulinkite kalb\u0117jim\u0105<\/strong><\/h4>\n\n\n\n<p class=\"has-secondary-color has-text-color has-link-color wp-elements-741b77850b50c0dd3dff88d12c726c72 wp-block-paragraph\">Gilinkite \u017eodyn\u0105 ir gramatik\u0105, kad gal\u0117tum\u0117te laisvai reik\u0161ti mintis. Pamokos pritaikytos j\u016bs\u0173 lygiui ir tikslams.<\/p>\n\n\n\n<h4 class=\"wp-block-heading\"><strong>Diskutuokite dr\u0105siai<\/strong><\/h4>\n\n\n\n<p class=\"has-secondary-color has-text-color has-link-color wp-elements-b59a2e1978daab3ccf26944fb5659482 wp-block-paragraph\">Dalyvaukite interaktyviuose pokalbiuose \u012fvairiomis temomis ir \u012fgaukite pasitik\u0117jimo sud\u0117tingesn\u0117se situacijose.<\/p>\n\n\n\n<h4 class=\"wp-block-heading\"><strong>Mokykit\u0117s k\u016brybi\u0161kai<\/strong><\/h4>\n\n\n\n<p class=\"has-secondary-color has-text-color has-link-color wp-elements-685b9a3650eb9744ece6dbb18a2b6dcc wp-block-paragraph\">K\u016brybin\u0117s veiklos ir s\u0105moningumo praktikos padeda \u012ftvirtinti naujas \u017einias ir kalb\u0117ti nat\u016braliai.<\/p>\n\n\n\n<h4 class=\"wp-block-heading\"><strong>\u012egaukite lankstumo<\/strong><\/h4>\n\n\n\n<p class=\"has-secondary-color has-text-color has-link-color wp-elements-dc2ac3994135933929e29a1076b4e7ff wp-block-paragraph\">Geb\u0117site lengviau adaptuotis \u012fvairiose kasdien\u0117se ir profesin\u0117se situacijose, dr\u0105siai bendrauti su naujais \u017emon\u0117mis.<\/p>\n\n\n\n<h4 class=\"wp-block-heading\"><strong>Jauskit\u0117s motyvuoti<\/strong><\/h4>\n\n\n\n<p class=\"has-secondary-color has-text-color has-link-color wp-elements-c1d2fe5d59848bf459811a9d1c3da148 wp-block-paragraph\">Kiekviena pamoka \u012fkvepia toliau tobul\u0117ti ir dr\u0105siai naudoti angl\u0173 kalb\u0105. Mokymasis \u2013 smagus, k\u016brybi\u0161kas ir \u012ftraukiantis procesas.<\/p>\n\n\n\n<h3 class=\"wp-block-heading\"><strong>Kaip prisijungti<\/strong><\/h3>\n\n\n\n<p class=\"has-secondary-color has-text-color has-link-color wp-elements-21e3ba0e2381ecfcea4ea245ee5519bb wp-block-paragraph\">U\u017epildykite registracijos form\u0105 ir mes susisieksime artimiausiu metu.<\/p>\n\n\n\n<p class=\"has-secondary-color has-text-color has-link-color wp-elements-5917e27f312d0b478b8517fd5b7cb590 wp-block-paragraph\"><strong>\u201ePrisijunk \u0161iandien ir sustiprink savo angl\u0173 kalbos \u012fg\u016bd\u017eius k\u016brybi\u0161kai ir su pasitik\u0117jimu!\u201c<\/strong><\/p>\n\n\n\n<div class=\"wp-block-buttons is-layout-flex wp-block-buttons-is-layout-flex\">\n<div class=\"wp-block-button\"><a class=\"wp-block-button__link has-white-color has-text-color has-link-color wp-element-button\" href=\"https:\/\/drasosmorkos.lt\/?page_id=443\">Registruotis<\/a><\/div>\n<\/div>\n\n\n\n<p class=\"has-heading-color has-text-color has-link-color wp-elements-532c27bc3047aa30d8d1ae99c8804e8a wp-block-paragraph\">\ud83d\udce9 <a>drasosmorkos@gmail.com<\/a> | \ud83d\udcde +370 655 49169<\/p>\n\n\n\n<p class=\"wp-block-paragraph\"><\/p>\n","protected":false},"excerpt":{"rendered":"<p>Stiprinkite savo pokalbio \u012fg\u016bd\u017eius dr\u0105siai ir k\u016brybi\u0161kai Klubas veikia Jonavoje gyvai. Jei jau \u012fgijote pagrind\u0173, m\u016bs\u0173 klubas pad\u0117s jums \u017eengti dar vien\u0105 \u017eingsn\u012f \u2013 laisvai, k\u016brybi\u0161kai ir pasitikint savimi bendrauti angl\u0173 kalba. Kiekviena pamoka \u010dia \u2013 nauja galimyb\u0117 tobul\u0117ti ir atrasti k\u016brybin\u0119 kalbos pus\u0119. U\u017esi\u0117mimai vyksta gyvai 2 kartus per savait\u0119 po 2 akademines valandas. [&hellip;]<\/p>\n","protected":false},"author":1,"featured_media":0,"parent":0,"menu_order":0,"comment_status":"closed","ping_status":"closed","template":"","meta":{"_crdt_document":"","footnotes":""},"class_list":["post-154","page","type-page","status-publish","hentry"],"yoast_head":"<!-- This site is optimized with the Yoast SEO plugin v26.4 - https:\/\/yoast.com\/wordpress\/plugins\/seo\/ -->\n<title>Angl\u0173 kalbos pokalbi\u0173 klubas pa\u017eengusiems - Dr\u0105sos morkos<\/title>\n<meta name=\"robots\" content=\"index, follow, max-snippet:-1, max-image-preview:large, max-video-preview:-1\" \/>\n<link rel=\"canonical\" href=\"https:\/\/drasosmorkos.lt\/?page_id=154\" \/>\n<meta property=\"og:locale\" content=\"lt_LT\" \/>\n<meta property=\"og:type\" content=\"article\" \/>\n<meta property=\"og:title\" content=\"Angl\u0173 kalbos pokalbi\u0173 klubas pa\u017eengusiems - Dr\u0105sos morkos\" \/>\n<meta property=\"og:description\" content=\"Stiprinkite savo pokalbio \u012fg\u016bd\u017eius dr\u0105siai ir k\u016brybi\u0161kai Klubas veikia Jonavoje gyvai. Jei jau \u012fgijote pagrind\u0173, m\u016bs\u0173 klubas pad\u0117s jums \u017eengti dar vien\u0105 \u017eingsn\u012f \u2013 laisvai, k\u016brybi\u0161kai ir pasitikint savimi bendrauti angl\u0173 kalba. Kiekviena pamoka \u010dia \u2013 nauja galimyb\u0117 tobul\u0117ti ir atrasti k\u016brybin\u0119 kalbos pus\u0119. U\u017esi\u0117mimai vyksta gyvai 2 kartus per savait\u0119 po 2 akademines valandas. [&hellip;]\" \/>\n<meta property=\"og:url\" content=\"https:\/\/drasosmorkos.lt\/?page_id=154\" \/>\n<meta property=\"og:site_name\" content=\"Dr\u0105sos morkos\" \/>\n<meta property=\"article:publisher\" content=\"https:\/\/www.facebook.com\/drasosmorkos\/\" \/>\n<meta property=\"article:modified_time\" content=\"2026-03-22T23:02:24+00:00\" \/>\n<meta name=\"twitter:card\" content=\"summary_large_image\" \/>\n<meta name=\"twitter:label1\" content=\"Est. reading time\" \/>\n\t<meta name=\"twitter:data1\" content=\"2 minut\u0117s\" \/>\n<script type=\"application\/ld+json\" class=\"yoast-schema-graph\">{\"@context\":\"https:\/\/schema.org\",\"@graph\":[{\"@type\":\"WebPage\",\"@id\":\"https:\/\/drasosmorkos.lt\/?page_id=154\",\"url\":\"https:\/\/drasosmorkos.lt\/?page_id=154\",\"name\":\"Angl\u0173 kalbos pokalbi\u0173 klubas pa\u017eengusiems - Dr\u0105sos morkos\",\"isPartOf\":{\"@id\":\"https:\/\/drasosmorkos.lt\/#website\"},\"datePublished\":\"2025-08-23T18:11:37+00:00\",\"dateModified\":\"2026-03-22T23:02:24+00:00\",\"breadcrumb\":{\"@id\":\"https:\/\/drasosmorkos.lt\/?page_id=154#breadcrumb\"},\"inLanguage\":\"lt-LT\",\"potentialAction\":[{\"@type\":\"ReadAction\",\"target\":[\"https:\/\/drasosmorkos.lt\/?page_id=154\"]}]},{\"@type\":\"BreadcrumbList\",\"@id\":\"https:\/\/drasosmorkos.lt\/?page_id=154#breadcrumb\",\"itemListElement\":[{\"@type\":\"ListItem\",\"position\":1,\"name\":\"Home\",\"item\":\"https:\/\/drasosmorkos.lt\/\"},{\"@type\":\"ListItem\",\"position\":2,\"name\":\"Angl\u0173 kalbos pokalbi\u0173 klubas pa\u017eengusiems\"}]},{\"@type\":\"WebSite\",\"@id\":\"https:\/\/drasosmorkos.lt\/#website\",\"url\":\"https:\/\/drasosmorkos.lt\/\",\"name\":\"Dr\u0105sos morkos\",\"description\":\"\",\"publisher\":{\"@id\":\"https:\/\/drasosmorkos.lt\/#organization\"},\"potentialAction\":[{\"@type\":\"SearchAction\",\"target\":{\"@type\":\"EntryPoint\",\"urlTemplate\":\"https:\/\/drasosmorkos.lt\/?s={search_term_string}\"},\"query-input\":{\"@type\":\"PropertyValueSpecification\",\"valueRequired\":true,\"valueName\":\"search_term_string\"}}],\"inLanguage\":\"lt-LT\"},{\"@type\":\"Organization\",\"@id\":\"https:\/\/drasosmorkos.lt\/#organization\",\"name\":\"Dr\u0105sos morkos\",\"url\":\"https:\/\/drasosmorkos.lt\/\",\"logo\":{\"@type\":\"ImageObject\",\"inLanguage\":\"lt-LT\",\"@id\":\"https:\/\/drasosmorkos.lt\/#\/schema\/logo\/image\/\",\"url\":\"https:\/\/drasosmorkos.lt\/wp-content\/uploads\/2025\/11\/Drasos-morkos_logotipas_galutinis-variantas-4.png\",\"contentUrl\":\"https:\/\/drasosmorkos.lt\/wp-content\/uploads\/2025\/11\/Drasos-morkos_logotipas_galutinis-variantas-4.png\",\"width\":500,\"height\":500,\"caption\":\"Dr\u0105sos morkos\"},\"image\":{\"@id\":\"https:\/\/drasosmorkos.lt\/#\/schema\/logo\/image\/\"},\"sameAs\":[\"https:\/\/www.facebook.com\/drasosmorkos\/\",\"https:\/\/www.instagram.com\/drasosmorkos\/\"]}]}<\/script>\n<!-- \/ Yoast SEO plugin. -->","yoast_head_json":{"title":"Angl\u0173 kalbos pokalbi\u0173 klubas pa\u017eengusiems - Dr\u0105sos morkos","robots":{"index":"index","follow":"follow","max-snippet":"max-snippet:-1","max-image-preview":"max-image-preview:large","max-video-preview":"max-video-preview:-1"},"canonical":"https:\/\/drasosmorkos.lt\/?page_id=154","og_locale":"lt_LT","og_type":"article","og_title":"Angl\u0173 kalbos pokalbi\u0173 klubas pa\u017eengusiems - Dr\u0105sos morkos","og_description":"Stiprinkite savo pokalbio \u012fg\u016bd\u017eius dr\u0105siai ir k\u016brybi\u0161kai Klubas veikia Jonavoje gyvai. Jei jau \u012fgijote pagrind\u0173, m\u016bs\u0173 klubas pad\u0117s jums \u017eengti dar vien\u0105 \u017eingsn\u012f \u2013 laisvai, k\u016brybi\u0161kai ir pasitikint savimi bendrauti angl\u0173 kalba. Kiekviena pamoka \u010dia \u2013 nauja galimyb\u0117 tobul\u0117ti ir atrasti k\u016brybin\u0119 kalbos pus\u0119. U\u017esi\u0117mimai vyksta gyvai 2 kartus per savait\u0119 po 2 akademines valandas. [&hellip;]","og_url":"https:\/\/drasosmorkos.lt\/?page_id=154","og_site_name":"Dr\u0105sos morkos","article_publisher":"https:\/\/www.facebook.com\/drasosmorkos\/","article_modified_time":"2026-03-22T23:02:24+00:00","twitter_card":"summary_large_image","twitter_misc":{"Est. reading time":"2 minut\u0117s"},"schema":{"@context":"https:\/\/schema.org","@graph":[{"@type":"WebPage","@id":"https:\/\/drasosmorkos.lt\/?page_id=154","url":"https:\/\/drasosmorkos.lt\/?page_id=154","name":"Angl\u0173 kalbos pokalbi\u0173 klubas pa\u017eengusiems - Dr\u0105sos morkos","isPartOf":{"@id":"https:\/\/drasosmorkos.lt\/#website"},"datePublished":"2025-08-23T18:11:37+00:00","dateModified":"2026-03-22T23:02:24+00:00","breadcrumb":{"@id":"https:\/\/drasosmorkos.lt\/?page_id=154#breadcrumb"},"inLanguage":"lt-LT","potentialAction":[{"@type":"ReadAction","target":["https:\/\/drasosmorkos.lt\/?page_id=154"]}]},{"@type":"BreadcrumbList","@id":"https:\/\/drasosmorkos.lt\/?page_id=154#breadcrumb","itemListElement":[{"@type":"ListItem","position":1,"name":"Home","item":"https:\/\/drasosmorkos.lt\/"},{"@type":"ListItem","position":2,"name":"Angl\u0173 kalbos pokalbi\u0173 klubas pa\u017eengusiems"}]},{"@type":"WebSite","@id":"https:\/\/drasosmorkos.lt\/#website","url":"https:\/\/drasosmorkos.lt\/","name":"Dr\u0105sos morkos","description":"","publisher":{"@id":"https:\/\/drasosmorkos.lt\/#organization"},"potentialAction":[{"@type":"SearchAction","target":{"@type":"EntryPoint","urlTemplate":"https:\/\/drasosmorkos.lt\/?s={search_term_string}"},"query-input":{"@type":"PropertyValueSpecification","valueRequired":true,"valueName":"search_term_string"}}],"inLanguage":"lt-LT"},{"@type":"Organization","@id":"https:\/\/drasosmorkos.lt\/#organization","name":"Dr\u0105sos morkos","url":"https:\/\/drasosmorkos.lt\/","logo":{"@type":"ImageObject","inLanguage":"lt-LT","@id":"https:\/\/drasosmorkos.lt\/#\/schema\/logo\/image\/","url":"https:\/\/drasosmorkos.lt\/wp-content\/uploads\/2025\/11\/Drasos-morkos_logotipas_galutinis-variantas-4.png","contentUrl":"https:\/\/drasosmorkos.lt\/wp-content\/uploads\/2025\/11\/Drasos-morkos_logotipas_galutinis-variantas-4.png","width":500,"height":500,"caption":"Dr\u0105sos morkos"},"image":{"@id":"https:\/\/drasosmorkos.lt\/#\/schema\/logo\/image\/"},"sameAs":["https:\/\/www.facebook.com\/drasosmorkos\/","https:\/\/www.instagram.com\/drasosmorkos\/"]}]}},"_hostinger_reach_plugin_has_subscription_block":false,"_hostinger_reach_plugin_is_elementor":false,"_links":{"self":[{"href":"https:\/\/drasosmorkos.lt\/index.php?rest_route=\/wp\/v2\/pages\/154","targetHints":{"allow":["GET"]}}],"collection":[{"href":"https:\/\/drasosmorkos.lt\/index.php?rest_route=\/wp\/v2\/pages"}],"about":[{"href":"https:\/\/drasosmorkos.lt\/index.php?rest_route=\/wp\/v2\/types\/page"}],"author":[{"embeddable":true,"href":"https:\/\/drasosmorkos.lt\/index.php?rest_route=\/wp\/v2\/users\/1"}],"replies":[{"embeddable":true,"href":"https:\/\/drasosmorkos.lt\/index.php?rest_route=%2Fwp%2Fv2%2Fcomments&post=154"}],"version-history":[{"count":17,"href":"https:\/\/drasosmorkos.lt\/index.php?rest_route=\/wp\/v2\/pages\/154\/revisions"}],"predecessor-version":[{"id":995,"href":"https:\/\/drasosmorkos.lt\/index.php?rest_route=\/wp\/v2\/pages\/154\/revisions\/995"}],"wp:attachment":[{"href":"https:\/\/drasosmorkos.lt\/index.php?rest_route=%2Fwp%2Fv2%2Fmedia&parent=154"}],"curies":[{"name":"wp","href":"https:\/\/api.w.org\/{rel}","templated":true}]}}