{"id":443,"date":"2025-11-15T20:17:34","date_gmt":"2025-11-15T20:17:34","guid":{"rendered":"https:\/\/drasosmorkos.lt\/?page_id=443"},"modified":"2026-04-12T18:05:20","modified_gmt":"2026-04-12T18:05:20","slug":"registracija","status":"publish","type":"page","link":"https:\/\/drasosmorkos.lt\/?page_id=443","title":{"rendered":"Registracija"},"content":{"rendered":"\n<p class=\"wp-block-paragraph\"><style id=\"wpforms-css-vars-422\">\n\t\t\t\t#wpforms-422 {\n\t\t\t\t--wpforms-container-padding: 0px;\n--wpforms-container-border-width: 1px;\n--wpforms-container-border-radius: 3px;\n--wpforms-background-color: rgba(0, 0, 0, 0);\n--wpforms-field-size-input-height: 43px;\n--wpforms-field-size-input-spacing: 15px;\n--wpforms-field-size-font-size: 16px;\n--wpforms-field-size-line-height: 19px;\n--wpforms-field-size-padding-h: 14px;\n--wpforms-field-size-checkbox-size: 16px;\n--wpforms-field-size-sublabel-spacing: 5px;\n--wpforms-field-size-icon-size: 1;\n--wpforms-label-size-font-size: 16px;\n--wpforms-label-size-line-height: 19px;\n--wpforms-label-size-sublabel-font-size: 14px;\n--wpforms-label-size-sublabel-line-height: 17px;\n--wpforms-button-size-font-size: 17px;\n--wpforms-button-size-height: 41px;\n--wpforms-button-size-padding-h: 15px;\n--wpforms-button-size-margin-top: 10px;\n--wpforms-container-shadow-size-box-shadow: none;\n\t\t\t}\n\t\t\t<\/style><div class=\"wpforms-container wpforms-container-full wpforms-render-modern\" id=\"wpforms-422\"><form id=\"wpforms-form-422\" class=\"wpforms-validate wpforms-form wpforms-ajax-form\" data-formid=\"422\" method=\"post\" enctype=\"multipart\/form-data\" action=\"\/index.php?rest_route=%2Fwp%2Fv2%2Fpages%2F443\" data-token=\"0f17331f3b84a75f87271c8f4e86b2e5\" data-token-time=\"1776029626\"><noscript class=\"wpforms-error-noscript\">Please enable JavaScript in your browser to complete this form.<\/noscript><div id=\"wpforms-error-noscript\" style=\"display: none;\">Please enable JavaScript in your browser to complete this form.<\/div><div class=\"wpforms-field-container\">\t\t<div id=\"wpforms-422-field_2-container\"\n\t\t\tclass=\"wpforms-field wpforms-field-text\"\n\t\t\tdata-field-type=\"text\"\n\t\t\tdata-field-id=\"2\"\n\t\t\t>\n\t\t\t<label class=\"wpforms-field-label\" for=\"wpforms-422-field_2\" >Pakartokite (trumpai ir<\/label>\n\t\t\t<input type=\"text\" id=\"wpforms-422-field_2\" class=\"wpforms-field-medium\" name=\"wpforms[fields][2]\" >\n\t\t<\/div>\n\t\t<div id=\"wpforms-422-field_1-container\" class=\"wpforms-field wpforms-field-name\" data-field-id=\"1\"><label class=\"wpforms-field-label\" for=\"wpforms-422-field_1\">Vardas <span class=\"wpforms-required-label\" aria-hidden=\"true\">*<\/span><\/label><input type=\"text\" id=\"wpforms-422-field_1\" class=\"wpforms-field-small wpforms-field-required\" name=\"wpforms[fields][1]\" aria-errormessage=\"wpforms-422-field_1-error\" required><\/div><div id=\"wpforms-422-field_5-container\" class=\"wpforms-field wpforms-field-email\" data-field-id=\"5\"><label class=\"wpforms-field-label\" for=\"wpforms-422-field_5\">J\u016bs\u0173 el.pa\u0161tas <span class=\"wpforms-required-label\" aria-hidden=\"true\">*<\/span><\/label><input type=\"email\" id=\"wpforms-422-field_5\" class=\"wpforms-field-small wpforms-field-required\" name=\"wpforms[fields][5]\" spellcheck=\"false\" aria-errormessage=\"wpforms-422-field_5-error\" required><\/div><div id=\"wpforms-422-field_6-container\" class=\"wpforms-field wpforms-field-email\" data-field-id=\"6\"><label class=\"wpforms-field-label\" for=\"wpforms-422-field_6\">Pakartokite savo el.pa\u0161t\u0105 <span class=\"wpforms-required-label\" aria-hidden=\"true\">*<\/span><\/label><input type=\"email\" id=\"wpforms-422-field_6\" class=\"wpforms-field-small wpforms-field-required\" name=\"wpforms[fields][6]\" spellcheck=\"false\" aria-errormessage=\"wpforms-422-field_6-error\" required><\/div><div id=\"wpforms-422-field_3-container\" class=\"wpforms-field wpforms-field-textarea\" data-field-id=\"3\"><label class=\"wpforms-field-label\" for=\"wpforms-422-field_3\">Angl\u0173 kalbos \u017einios ir j\u0173 naudojimas (trumpai apra\u0161ykite) <span class=\"wpforms-required-label\" aria-hidden=\"true\">*<\/span><\/label><textarea id=\"wpforms-422-field_3\" class=\"wpforms-field-small wpforms-field-required\" name=\"wpforms[fields][3]\" aria-errormessage=\"wpforms-422-field_3-error\" required><\/textarea><\/div><script>\n\t\t\t\t( function() {\n\t\t\t\t\tconst style = document.createElement( 'style' );\n\t\t\t\t\tstyle.appendChild( document.createTextNode( '#wpforms-422-field_2-container { position: absolute !important; overflow: hidden !important; display: inline !important; height: 1px !important; width: 1px !important; z-index: -1000 !important; padding: 0 !important; } #wpforms-422-field_2-container input { visibility: hidden; } #wpforms-conversational-form-page #wpforms-422-field_2-container label { counter-increment: none; }' ) );\n\t\t\t\t\tdocument.head.appendChild( style );\n\t\t\t\t\tdocument.currentScript?.remove();\n\t\t\t\t} )();\n\t\t\t<\/script><\/div><!-- .wpforms-field-container --><div class=\"wpforms-submit-container\" ><input type=\"hidden\" name=\"wpforms[id]\" value=\"422\"><input type=\"hidden\" name=\"page_title\" value=\"\"><input type=\"hidden\" name=\"page_url\" value=\"https:\/\/drasosmorkos.lt\/index.php?rest_route=\/wp\/v2\/pages\/443\"><input type=\"hidden\" name=\"url_referer\" value=\"\"><button type=\"submit\" name=\"wpforms[submit]\" id=\"wpforms-submit-422\" class=\"wpforms-submit\" data-alt-text=\"Siun\u010diama\" data-submit-text=\"Pateikti\" aria-live=\"assertive\" value=\"wpforms-submit\">Pateikti<\/button><img loading=\"lazy\" decoding=\"async\" src=\"https:\/\/drasosmorkos.lt\/wp-content\/plugins\/wpforms-lite\/assets\/images\/submit-spin.svg\" class=\"wpforms-submit-spinner\" style=\"display: none;\" width=\"26\" height=\"26\" alt=\"Loading\"><\/div><\/form><\/div>  <!-- .wpforms-container --><\/p>\n\n\n\n<p class=\"has-white-color has-text-color has-link-color wp-elements-1f9a8b8932d4d2bb323c0e2ccf30bbee wp-block-paragraph\">angl\u0173 kalbos kursai moksleiviams, angl\u0173 kalbos kursai moksleiviams, angl\u0173 kalbos kursai suaugusiems, angl\u0173 kalbos kursai suaugusiems<\/p>\n\n\n\n<p class=\"wp-block-paragraph\"><\/p>\n","protected":false},"excerpt":{"rendered":"<p>angl\u0173 kalbos kursai moksleiviams, angl\u0173 kalbos kursai moksleiviams, angl\u0173 kalbos kursai suaugusiems, angl\u0173 kalbos kursai suaugusiems<\/p>\n","protected":false},"author":1,"featured_media":0,"parent":0,"menu_order":0,"comment_status":"closed","ping_status":"closed","template":"","meta":{"_crdt_document":"{\"document\":\"AAAG1K6WpQIzMAgatAQGKAYsBoYIBAIBAgoCQgBKADgBAgoCQgEBSgCgBAECCgEASt4ElgQCxA8uMgSYBS4yRygDJwAEACcABACBAIQAgQCEAIEAhAAnACgEJwAoACcABwAoAycBBAAoAScAhwAoAycBBAAoAycAhwAoAycBKAEnACgBqALEtAnpCHN0YXRldmVyc2lvbmRvY3VtZW50ZGF0ZWRvY3VtZW50c2x1Z2RvY3VtZW50c3RhdHVzZG9jdW1lbnR0aXRsZVJlZ2lzdHJhY2lqYWRvY3VtZW50Y29udGVudDwhLS0gd3A6cGFyYWdyYXBoIC0tPgo8cD5bd3Bmb3JtcyBpZD0iNDIyIl08L3A+CjwhLS0gL3dwOnBhcmFncmFwaCAtLT4KCjwhLS0gd3A6cGFyYWdyYXBoIHsic3R5bGUiOnsiZWxlbWVudHMiOnsibGluayI6eyJjb2xvciI6eyJ0ZXh0IjoidmFyOnByZXNldHxjb2xvcnxlIn19fX0sInRleHRDb2xvciI6ImUifSAtLT4KPHAgY2xhc3M9Imhhcy1lLWNvbG9yIGhhcy10ZXh0LWNvbG9yIGhhcy1saW5rLWNvbG9yIj5hbmdsxbMga2FsYm9zIGt1cnNhaSBtb2tzbGVpdmlhbXMsIGFuZ2zFsyBrYWxib3Mga3Vyc2FpIG1va3NsZWl2aWFtcywgYW5nbMWzIGthbGJvcyBrdXJzYWkgc3VhdWd1c2llbXMsIGFuZ2zFsyBrYWxib3Mga3Vyc2FpIHN1YXVndXNpZW1zPC9wPgo8IS0tIC93cDpwYXJhZ3JhcGggLS0+Cgo8IS0tIHdwOnBhcmFncmFwaCAtLT4KPHA+PC9wPgo8IS0tIC93cDpwYXJhZ3JhcGggLS0+ZG9jdW1lbnRleGNlcnB0ZG9jdW1lbnRhdXRob3Jkb2N1bWVudGZlYXR1cmVkX21lZGlhZG9jdW1lbnRjb21tZW50X3N0YXR1c2RvY3VtZW50cGluZ19zdGF0dXNkb2N1bWVudHRlbXBsYXRlZG9jdW1lbnRtZXRhZm9vdG5vdGVzZG9jdW1lbnRibG9ja3NjbGllbnRJZGlzVmFsaWRvcmlnaW5hbENvbnRlbnRuYW1lYXR0cmlidXRlc2NvbnRlbnRbd3Bmb3JtcyBpZD0iNDIyIl1kcm9wQ2Fwb3BlblBvcHVwSWRpbm5lckJsb2Nrc2NsaWVudElkaXNWYWxpZG9yaWdpbmFsQ29udGVudG5hbWVhdHRyaWJ1dGVzY29udGVudGFuZ2zFsyBrYWxib3Mga3Vyc2FpIG1va3NsZWl2aWFtcywgYW5nbMWzIGthbGJvcyBrdXJzYWkgbW9rc2xlaXZpYW1zLCBhbmdsxbMga2FsYm9zIGt1cnNhaSBzdWF1Z3VzaWVtcywgYW5nbMWzIGthbGJvcyBrdXJzYWkgc3VhdWd1c2llbXNkcm9wQ2Fwc3R5bGV0ZXh0Q29sb3JvcGVuUG9wdXBJZGlubmVyQmxvY2tzY2xpZW50SWRpc1ZhbGlkb3JpZ2luYWxDb250ZW50bmFtZWF0dHJpYnV0ZXNjb250ZW50ZHJvcENhcG9wZW5Qb3B1cElkaW5uZXJCbG9ja3NzdGF0ZXNhdmVkQXRzdGF0ZXNhdmVkQnl3aGl0d2hpdHdoaXQFBwgECAQIBggFDAgHmgIUFrwDCAcIBggOCA4IC0gBBAkIBggHDwQKBxIHSwAIBw8ECgeEAgcFCUsACAcPBApHAEsABQcFB0QBEQEEAAABAAAAAQYAAAEAAB8BEEIBAQBBAAIAQQACAEEAAgAGQQJDAUEdAUEAfQF3EzIwMjUtMTEtMTVUMjA6MTc6MzR3DHJlZ2lzdHJhY2lqYXcHcHVibGlzaH0BfQB3BmNsb3NlZHcGY2xvc2VkdwB3AHckNTlkNGRkOTEtODdiNi00OTVjLWExYjgtMTZiNWE1MTFmNTJheHcZPHA+W3dwZm9ybXMgaWQ9IjQyMiJdPC9wPncOY29yZS9wYXJhZ3JhcGh5dwB3JDU2ODA3YmU0LWRhNjYtNGZhYi1iYTI4LTAwMTY4NTM0ODVhYXh3xAE8cCBjbGFzcz0iaGFzLWJhc2UtY29sb3IgaGFzLXRleHQtY29sb3IgaGFzLWxpbmstY29sb3IiPmFuZ2zFsyBrYWxib3Mga3Vyc2FpIG1va3NsZWl2aWFtcywgYW5nbMWzIGthbGJvcyBrdXJzYWkgbW9rc2xlaXZpYW1zLCBhbmdsxbMga2FsYm9zIGt1cnNhaSBzdWF1Z3VzaWVtcywgYW5nbMWzIGthbGJvcyBrdXJzYWkgc3VhdWd1c2llbXM8L3A+dw5jb3JlL3BhcmFncmFwaHl2AQhlbGVtZW50c3YBBGxpbmt2AQVjb2xvcnYBBHRleHR3FXZhcjpwcmVzZXR8Y29sb3J8YmFzZXcEYmFzZXcAdyQ1NjFmNmY2Mi1iMDU2LTRjYzAtYWViOS1lMTJhZjZhMjA1NWN4dwc8cD48L3A+dw5jb3JlL3BhcmFncmFwaHl3AHtCedgt6CbAAH2UrpalAnckZWMyNjJkMmYtOTAxMC00ZDQxLWE5YmYtMjA2MmZiYTllMWJkdgEIZWxlbWVudHN2AQRsaW5rdgEFY29sb3J2AQR0ZXh0dxZ2YXI6cHJlc2V0fGNvbG9yfHdoaXRldwV3aGl0ZQGUl8uSAQWsAQIUAhYCogIAigEB\",\"updateId\":105142353}","footnotes":""},"class_list":["post-443","page","type-page","status-publish","hentry"],"yoast_head":"<!-- This site is optimized with the Yoast SEO plugin v26.4 - https:\/\/yoast.com\/wordpress\/plugins\/seo\/ -->\n<title>Registracija - Dr\u0105sos morkos<\/title>\n<meta name=\"robots\" content=\"index, follow, max-snippet:-1, max-image-preview:large, max-video-preview:-1\" \/>\n<link rel=\"canonical\" href=\"https:\/\/drasosmorkos.lt\/?page_id=443\" \/>\n<meta property=\"og:locale\" content=\"lt_LT\" \/>\n<meta property=\"og:type\" content=\"article\" \/>\n<meta property=\"og:title\" content=\"Registracija - Dr\u0105sos morkos\" \/>\n<meta property=\"og:description\" content=\"angl\u0173 kalbos kursai moksleiviams, angl\u0173 kalbos kursai moksleiviams, angl\u0173 kalbos kursai suaugusiems, angl\u0173 kalbos kursai suaugusiems\" \/>\n<meta property=\"og:url\" content=\"https:\/\/drasosmorkos.lt\/?page_id=443\" \/>\n<meta property=\"og:site_name\" content=\"Dr\u0105sos morkos\" \/>\n<meta property=\"article:publisher\" content=\"https:\/\/www.facebook.com\/drasosmorkos\/\" \/>\n<meta property=\"article:modified_time\" content=\"2026-04-12T18:05:20+00:00\" \/>\n<meta name=\"twitter:card\" content=\"summary_large_image\" \/>\n<meta name=\"twitter:label1\" content=\"Est. reading time\" \/>\n\t<meta name=\"twitter:data1\" content=\"1 minut\u0117\" \/>\n<script type=\"application\/ld+json\" class=\"yoast-schema-graph\">{\"@context\":\"https:\/\/schema.org\",\"@graph\":[{\"@type\":\"WebPage\",\"@id\":\"https:\/\/drasosmorkos.lt\/?page_id=443\",\"url\":\"https:\/\/drasosmorkos.lt\/?page_id=443\",\"name\":\"Registracija - Dr\u0105sos morkos\",\"isPartOf\":{\"@id\":\"https:\/\/drasosmorkos.lt\/#website\"},\"datePublished\":\"2025-11-15T20:17:34+00:00\",\"dateModified\":\"2026-04-12T18:05:20+00:00\",\"breadcrumb\":{\"@id\":\"https:\/\/drasosmorkos.lt\/?page_id=443#breadcrumb\"},\"inLanguage\":\"lt-LT\",\"potentialAction\":[{\"@type\":\"ReadAction\",\"target\":[\"https:\/\/drasosmorkos.lt\/?page_id=443\"]}]},{\"@type\":\"BreadcrumbList\",\"@id\":\"https:\/\/drasosmorkos.lt\/?page_id=443#breadcrumb\",\"itemListElement\":[{\"@type\":\"ListItem\",\"position\":1,\"name\":\"Home\",\"item\":\"https:\/\/drasosmorkos.lt\/\"},{\"@type\":\"ListItem\",\"position\":2,\"name\":\"Registracija\"}]},{\"@type\":\"WebSite\",\"@id\":\"https:\/\/drasosmorkos.lt\/#website\",\"url\":\"https:\/\/drasosmorkos.lt\/\",\"name\":\"Dr\u0105sos morkos\",\"description\":\"\",\"publisher\":{\"@id\":\"https:\/\/drasosmorkos.lt\/#organization\"},\"potentialAction\":[{\"@type\":\"SearchAction\",\"target\":{\"@type\":\"EntryPoint\",\"urlTemplate\":\"https:\/\/drasosmorkos.lt\/?s={search_term_string}\"},\"query-input\":{\"@type\":\"PropertyValueSpecification\",\"valueRequired\":true,\"valueName\":\"search_term_string\"}}],\"inLanguage\":\"lt-LT\"},{\"@type\":\"Organization\",\"@id\":\"https:\/\/drasosmorkos.lt\/#organization\",\"name\":\"Dr\u0105sos morkos\",\"url\":\"https:\/\/drasosmorkos.lt\/\",\"logo\":{\"@type\":\"ImageObject\",\"inLanguage\":\"lt-LT\",\"@id\":\"https:\/\/drasosmorkos.lt\/#\/schema\/logo\/image\/\",\"url\":\"https:\/\/drasosmorkos.lt\/wp-content\/uploads\/2025\/11\/Drasos-morkos_logotipas_galutinis-variantas-4.png\",\"contentUrl\":\"https:\/\/drasosmorkos.lt\/wp-content\/uploads\/2025\/11\/Drasos-morkos_logotipas_galutinis-variantas-4.png\",\"width\":500,\"height\":500,\"caption\":\"Dr\u0105sos morkos\"},\"image\":{\"@id\":\"https:\/\/drasosmorkos.lt\/#\/schema\/logo\/image\/\"},\"sameAs\":[\"https:\/\/www.facebook.com\/drasosmorkos\/\",\"https:\/\/www.instagram.com\/drasosmorkos\/\"]}]}<\/script>\n<!-- \/ Yoast SEO plugin. -->","yoast_head_json":{"title":"Registracija - Dr\u0105sos morkos","robots":{"index":"index","follow":"follow","max-snippet":"max-snippet:-1","max-image-preview":"max-image-preview:large","max-video-preview":"max-video-preview:-1"},"canonical":"https:\/\/drasosmorkos.lt\/?page_id=443","og_locale":"lt_LT","og_type":"article","og_title":"Registracija - Dr\u0105sos morkos","og_description":"angl\u0173 kalbos kursai moksleiviams, angl\u0173 kalbos kursai moksleiviams, angl\u0173 kalbos kursai suaugusiems, angl\u0173 kalbos kursai suaugusiems","og_url":"https:\/\/drasosmorkos.lt\/?page_id=443","og_site_name":"Dr\u0105sos morkos","article_publisher":"https:\/\/www.facebook.com\/drasosmorkos\/","article_modified_time":"2026-04-12T18:05:20+00:00","twitter_card":"summary_large_image","twitter_misc":{"Est. reading time":"1 minut\u0117"},"schema":{"@context":"https:\/\/schema.org","@graph":[{"@type":"WebPage","@id":"https:\/\/drasosmorkos.lt\/?page_id=443","url":"https:\/\/drasosmorkos.lt\/?page_id=443","name":"Registracija - Dr\u0105sos morkos","isPartOf":{"@id":"https:\/\/drasosmorkos.lt\/#website"},"datePublished":"2025-11-15T20:17:34+00:00","dateModified":"2026-04-12T18:05:20+00:00","breadcrumb":{"@id":"https:\/\/drasosmorkos.lt\/?page_id=443#breadcrumb"},"inLanguage":"lt-LT","potentialAction":[{"@type":"ReadAction","target":["https:\/\/drasosmorkos.lt\/?page_id=443"]}]},{"@type":"BreadcrumbList","@id":"https:\/\/drasosmorkos.lt\/?page_id=443#breadcrumb","itemListElement":[{"@type":"ListItem","position":1,"name":"Home","item":"https:\/\/drasosmorkos.lt\/"},{"@type":"ListItem","position":2,"name":"Registracija"}]},{"@type":"WebSite","@id":"https:\/\/drasosmorkos.lt\/#website","url":"https:\/\/drasosmorkos.lt\/","name":"Dr\u0105sos morkos","description":"","publisher":{"@id":"https:\/\/drasosmorkos.lt\/#organization"},"potentialAction":[{"@type":"SearchAction","target":{"@type":"EntryPoint","urlTemplate":"https:\/\/drasosmorkos.lt\/?s={search_term_string}"},"query-input":{"@type":"PropertyValueSpecification","valueRequired":true,"valueName":"search_term_string"}}],"inLanguage":"lt-LT"},{"@type":"Organization","@id":"https:\/\/drasosmorkos.lt\/#organization","name":"Dr\u0105sos morkos","url":"https:\/\/drasosmorkos.lt\/","logo":{"@type":"ImageObject","inLanguage":"lt-LT","@id":"https:\/\/drasosmorkos.lt\/#\/schema\/logo\/image\/","url":"https:\/\/drasosmorkos.lt\/wp-content\/uploads\/2025\/11\/Drasos-morkos_logotipas_galutinis-variantas-4.png","contentUrl":"https:\/\/drasosmorkos.lt\/wp-content\/uploads\/2025\/11\/Drasos-morkos_logotipas_galutinis-variantas-4.png","width":500,"height":500,"caption":"Dr\u0105sos morkos"},"image":{"@id":"https:\/\/drasosmorkos.lt\/#\/schema\/logo\/image\/"},"sameAs":["https:\/\/www.facebook.com\/drasosmorkos\/","https:\/\/www.instagram.com\/drasosmorkos\/"]}]}},"_hostinger_reach_plugin_has_subscription_block":false,"_hostinger_reach_plugin_is_elementor":false,"_links":{"self":[{"href":"https:\/\/drasosmorkos.lt\/index.php?rest_route=\/wp\/v2\/pages\/443","targetHints":{"allow":["GET"]}}],"collection":[{"href":"https:\/\/drasosmorkos.lt\/index.php?rest_route=\/wp\/v2\/pages"}],"about":[{"href":"https:\/\/drasosmorkos.lt\/index.php?rest_route=\/wp\/v2\/types\/page"}],"author":[{"embeddable":true,"href":"https:\/\/drasosmorkos.lt\/index.php?rest_route=\/wp\/v2\/users\/1"}],"replies":[{"embeddable":true,"href":"https:\/\/drasosmorkos.lt\/index.php?rest_route=%2Fwp%2Fv2%2Fcomments&post=443"}],"version-history":[{"count":6,"href":"https:\/\/drasosmorkos.lt\/index.php?rest_route=\/wp\/v2\/pages\/443\/revisions"}],"predecessor-version":[{"id":1021,"href":"https:\/\/drasosmorkos.lt\/index.php?rest_route=\/wp\/v2\/pages\/443\/revisions\/1021"}],"wp:attachment":[{"href":"https:\/\/drasosmorkos.lt\/index.php?rest_route=%2Fwp%2Fv2%2Fmedia&parent=443"}],"curies":[{"name":"wp","href":"https:\/\/api.w.org\/{rel}","templated":true}]}}