{"id":629,"date":"2025-11-24T13:55:28","date_gmt":"2025-11-24T13:55:28","guid":{"rendered":"https:\/\/drasosmorkos.lt\/?page_id=629"},"modified":"2026-03-23T08:20:27","modified_gmt":"2026-03-23T08:20:27","slug":"suzinok-savo-anglu-kalbos-mokejimo-lygi","status":"publish","type":"page","link":"https:\/\/drasosmorkos.lt\/?page_id=629","title":{"rendered":"Angl\u0173 kalbos lygio nustatymo testas"},"content":{"rendered":"\n<p class=\"has-body-text-color has-text-color has-link-color has-medium-font-size wp-elements-654d63178ea3ef99429998082da9774a wp-block-paragraph\">                    Atlikite test\u0105 ir gaukite atsakym\u0105. U\u017etruksite iki 5 min.<\/p>\n\n\n\n<p class=\"wp-block-paragraph\"><\/p>\n\n\n<style id=\"fluentform-block-custom-styles-3\">.fluentform.fluentform_wrapper_3.ff_guten_block.ff_guten_block-3 { box-shadow: 0px 0px 5px 0px #000000; }\n.fluentform.fluentform_wrapper_3.ff_guten_block.ff_guten_block-3 .ff-el-input--label label { color: #000000; font-size: 16px; font-weight: 500; line-height: 1.6; letter-spacing: 0.1px; text-transform: none; }\n.fluentform.fluentform_wrapper_3.ff_guten_block.ff_guten_block-3 .ff-el-input--content input::placeholder, .fluentform.fluentform_wrapper_3.ff_guten_block.ff_guten_block-3 .ff-el-input--content textarea::placeholder { color: #000000; }\n.fluentform.fluentform_wrapper_3.ff_guten_block.ff_guten_block-3 .ff-el-form-check label { color: #000000; font-size: 14px;; }\n.fluentform.fluentform_wrapper_3.ff_guten_block.ff_guten_block-3 .ff-errors-in-stack, .fluentform.fluentform_wrapper_3.ff_guten_block.ff_guten_block-3 .error { color: #e65054; }\n<\/style><div class='fluentform ff-inherit-theme-style fluentform_wrapper_3  ff_guten_block ff_guten_block-3'><form data-form_id=\"3\" id=\"fluentform_3\" class=\"frm-fluent-form fluent_form_3 ff-el-form-top ff_form_instance_3_1 ff-form-loading ffs_inherit_theme\" data-form_instance=\"ff_form_instance_3_1\" method=\"POST\" ><fieldset  style=\"border: none!important;margin: 0!important;padding: 0!important;background-color: transparent!important;box-shadow: none!important;outline: none!important; min-inline-size: 100%;\">\n                    <legend class=\"ff_screen_reader_title\" style=\"display: block; margin: 0!important;padding: 0!important;height: 0!important;text-indent: -999999px;width: 0!important;overflow:hidden;\">Angl\u0173 kalbos lygio nustatymo testas<\/legend><input type='hidden' name='__fluent_form_embded_post_id' value='629' \/><input type=\"hidden\" id=\"_fluentform_3_fluentformnonce\" name=\"_fluentform_3_fluentformnonce\" value=\"995c43c258\" \/><input type=\"hidden\" name=\"_wp_http_referer\" value=\"\/index.php?rest_route=%2Fwp%2Fv2%2Fpages%2F629\" \/><div class='ff-el-group ff-el-form-top'><div class=\"ff-el-input--label ff-el-is-required asterisk-right\"><label for='ff_3_email' id='label_ff_3_email' aria-label=\"\u012eveskite savo el. pa\u0161t\u0105\">\u012eveskite savo el. pa\u0161t\u0105<\/label><\/div><div class='ff-el-input--content'><input type=\"email\" name=\"email\" id=\"ff_3_email\" class=\"ff-el-form-control\" data-name=\"email\"  aria-invalid=\"false\" aria-required=true><\/div><\/div><div class='ff-el-group'><div class='ff-el-input--content'><div class='ff-el-form-check ff-el-form-check-'><label class='ff-el-form-check-label' for='checkbox_3971344ad1041d00339e36e49d9d9982'><input  type=\"checkbox\" name=\"checkbox[]\" data-name=\"checkbox\" class=\"ff-el-form-check-input ff-el-form-check-checkbox\" value=\"Sutinku gauti naujienas ir pasi\u016blymus i\u0161 V\u0161\u012e &quot;Dr\u0105sos morkos&quot;\"  id='checkbox_3971344ad1041d00339e36e49d9d9982' aria-label='Sutinku gauti naujienas ir pasi\u016blymus i\u0161 V\u0161\u012e &quot;Dr\u0105sos morkos&quot;' aria-invalid='false' aria-required=true> <span>Sutinku gauti naujienas ir pasi\u016blymus i\u0161 V\u0161\u012e &#8222;Dr\u0105sos morkos&#8221;<\/span><\/label><\/div><\/div><\/div><div class='ff-el-group ff-text-left ff_submit_btn_wrapper ff_submit_btn_wrapper_custom'><button class=\"ff-btn ff-btn-submit ff-btn-md ff_btn_style\" type=\"submit\" name=\"custom_submit_button-3_1\" data-name=\"custom_submit_button-3_1\"  aria-label=\"Prad\u0117ti test\u0105\">Prad\u0117ti test\u0105<\/button><style>form.fluent_form_3 .ff-btn-submit { background-color: #E6A23C; color: #ffffff; }<\/style><\/div><\/fieldset><\/form><div id='fluentform_3_errors' class='ff-errors-in-stack ff_form_instance_3_1 ff-form-loading_errors ff_form_instance_3_1_errors'><\/div><\/div>            <script type=\"text\/javascript\">\n                window.fluent_form_ff_form_instance_3_1 = {\"id\":\"3\",\"settings\":{\"layout\":{\"labelPlacement\":\"top\",\"asteriskPlacement\":\"asterisk-right\",\"helpMessagePlacement\":\"with_label\",\"errorMessagePlacement\":\"inline\",\"cssClassName\":\"\"},\"restrictions\":{\"denyEmptySubmission\":{\"enabled\":false}}},\"form_instance\":\"ff_form_instance_3_1\",\"form_id_selector\":\"fluentform_3\",\"rules\":{\"email\":{\"required\":{\"value\":true,\"message\":\"This field is required\",\"global_message\":\"This field is required\",\"global\":true},\"email\":{\"value\":true,\"message\":\"This field must contain a valid email\",\"global_message\":\"This field must contain a valid email\",\"global\":true}},\"checkbox\":{\"required\":{\"value\":true,\"message\":\"This field is required\",\"global_message\":\"This field is required\",\"global\":true}}},\"debounce_time\":300};\n                            <\/script>\n            \n\n\n<p class=\"has-white-color has-text-color has-link-color wp-elements-1f9a8b8932d4d2bb323c0e2ccf30bbee wp-block-paragraph\">angl\u0173 kalbos kursai moksleiviams, angl\u0173 kalbos kursai moksleiviams, angl\u0173 kalbos kursai suaugusiems, angl\u0173 kalbos kursai suaugusiems<\/p>\n\n\n\n<p class=\"wp-block-paragraph\"><\/p>\n","protected":false},"excerpt":{"rendered":"<p>Atlikite test\u0105 ir gaukite atsakym\u0105. U\u017etruksite iki 5 min. angl\u0173 kalbos kursai moksleiviams, angl\u0173 kalbos kursai moksleiviams, angl\u0173 kalbos kursai suaugusiems, angl\u0173 kalbos kursai suaugusiems<\/p>\n","protected":false},"author":1,"featured_media":0,"parent":0,"menu_order":0,"comment_status":"closed","ping_status":"closed","template":"","meta":{"_crdt_document":"","footnotes":""},"class_list":["post-629","page","type-page","status-publish","hentry"],"yoast_head":"<!-- This site is optimized with the Yoast SEO plugin v26.4 - https:\/\/yoast.com\/wordpress\/plugins\/seo\/ -->\n<title>Angl\u0173 kalbos lygio nustatymo testas - Dr\u0105sos morkos %<\/title>\n<meta name=\"description\" content=\"angl\u0173 kalbos lygio nustatymo testas Angl\u0173 kalbos lygio nustatymo testas\" \/>\n<meta name=\"robots\" content=\"index, follow, max-snippet:-1, max-image-preview:large, max-video-preview:-1\" \/>\n<link rel=\"canonical\" href=\"https:\/\/drasosmorkos.lt\/?page_id=629\" \/>\n<meta property=\"og:locale\" content=\"lt_LT\" \/>\n<meta property=\"og:type\" content=\"article\" \/>\n<meta property=\"og:title\" content=\"Angl\u0173 kalbos lygio nustatymo testas - Dr\u0105sos morkos %\" \/>\n<meta property=\"og:description\" content=\"angl\u0173 kalbos lygio nustatymo testas Angl\u0173 kalbos lygio nustatymo testas\" \/>\n<meta property=\"og:url\" content=\"https:\/\/drasosmorkos.lt\/?page_id=629\" \/>\n<meta property=\"og:site_name\" content=\"Dr\u0105sos morkos\" \/>\n<meta property=\"article:publisher\" content=\"https:\/\/www.facebook.com\/drasosmorkos\/\" \/>\n<meta property=\"article:modified_time\" content=\"2026-03-23T08:20:27+00:00\" \/>\n<meta name=\"twitter:card\" content=\"summary_large_image\" \/>\n<meta name=\"twitter:label1\" content=\"Est. reading time\" \/>\n\t<meta name=\"twitter:data1\" content=\"1 minut\u0117\" \/>\n<script type=\"application\/ld+json\" class=\"yoast-schema-graph\">{\"@context\":\"https:\/\/schema.org\",\"@graph\":[{\"@type\":\"WebPage\",\"@id\":\"https:\/\/drasosmorkos.lt\/?page_id=629\",\"url\":\"https:\/\/drasosmorkos.lt\/?page_id=629\",\"name\":\"Angl\u0173 kalbos lygio nustatymo testas - Dr\u0105sos morkos %\",\"isPartOf\":{\"@id\":\"https:\/\/drasosmorkos.lt\/#website\"},\"datePublished\":\"2025-11-24T13:55:28+00:00\",\"dateModified\":\"2026-03-23T08:20:27+00:00\",\"description\":\"angl\u0173 kalbos lygio nustatymo testas Angl\u0173 kalbos lygio nustatymo testas\",\"breadcrumb\":{\"@id\":\"https:\/\/drasosmorkos.lt\/?page_id=629#breadcrumb\"},\"inLanguage\":\"lt-LT\",\"potentialAction\":[{\"@type\":\"ReadAction\",\"target\":[\"https:\/\/drasosmorkos.lt\/?page_id=629\"]}]},{\"@type\":\"BreadcrumbList\",\"@id\":\"https:\/\/drasosmorkos.lt\/?page_id=629#breadcrumb\",\"itemListElement\":[{\"@type\":\"ListItem\",\"position\":1,\"name\":\"Home\",\"item\":\"https:\/\/drasosmorkos.lt\/\"},{\"@type\":\"ListItem\",\"position\":2,\"name\":\"Angl\u0173 kalbos lygio nustatymo testas\"}]},{\"@type\":\"WebSite\",\"@id\":\"https:\/\/drasosmorkos.lt\/#website\",\"url\":\"https:\/\/drasosmorkos.lt\/\",\"name\":\"Dr\u0105sos morkos\",\"description\":\"\",\"publisher\":{\"@id\":\"https:\/\/drasosmorkos.lt\/#organization\"},\"potentialAction\":[{\"@type\":\"SearchAction\",\"target\":{\"@type\":\"EntryPoint\",\"urlTemplate\":\"https:\/\/drasosmorkos.lt\/?s={search_term_string}\"},\"query-input\":{\"@type\":\"PropertyValueSpecification\",\"valueRequired\":true,\"valueName\":\"search_term_string\"}}],\"inLanguage\":\"lt-LT\"},{\"@type\":\"Organization\",\"@id\":\"https:\/\/drasosmorkos.lt\/#organization\",\"name\":\"Dr\u0105sos morkos\",\"url\":\"https:\/\/drasosmorkos.lt\/\",\"logo\":{\"@type\":\"ImageObject\",\"inLanguage\":\"lt-LT\",\"@id\":\"https:\/\/drasosmorkos.lt\/#\/schema\/logo\/image\/\",\"url\":\"https:\/\/drasosmorkos.lt\/wp-content\/uploads\/2025\/11\/Drasos-morkos_logotipas_galutinis-variantas-4.png\",\"contentUrl\":\"https:\/\/drasosmorkos.lt\/wp-content\/uploads\/2025\/11\/Drasos-morkos_logotipas_galutinis-variantas-4.png\",\"width\":500,\"height\":500,\"caption\":\"Dr\u0105sos morkos\"},\"image\":{\"@id\":\"https:\/\/drasosmorkos.lt\/#\/schema\/logo\/image\/\"},\"sameAs\":[\"https:\/\/www.facebook.com\/drasosmorkos\/\",\"https:\/\/www.instagram.com\/drasosmorkos\/\"]}]}<\/script>\n<!-- \/ Yoast SEO plugin. -->","yoast_head_json":{"title":"Angl\u0173 kalbos lygio nustatymo testas - Dr\u0105sos morkos %","description":"angl\u0173 kalbos lygio nustatymo testas Angl\u0173 kalbos lygio nustatymo testas","robots":{"index":"index","follow":"follow","max-snippet":"max-snippet:-1","max-image-preview":"max-image-preview:large","max-video-preview":"max-video-preview:-1"},"canonical":"https:\/\/drasosmorkos.lt\/?page_id=629","og_locale":"lt_LT","og_type":"article","og_title":"Angl\u0173 kalbos lygio nustatymo testas - Dr\u0105sos morkos %","og_description":"angl\u0173 kalbos lygio nustatymo testas Angl\u0173 kalbos lygio nustatymo testas","og_url":"https:\/\/drasosmorkos.lt\/?page_id=629","og_site_name":"Dr\u0105sos morkos","article_publisher":"https:\/\/www.facebook.com\/drasosmorkos\/","article_modified_time":"2026-03-23T08:20:27+00:00","twitter_card":"summary_large_image","twitter_misc":{"Est. reading time":"1 minut\u0117"},"schema":{"@context":"https:\/\/schema.org","@graph":[{"@type":"WebPage","@id":"https:\/\/drasosmorkos.lt\/?page_id=629","url":"https:\/\/drasosmorkos.lt\/?page_id=629","name":"Angl\u0173 kalbos lygio nustatymo testas - Dr\u0105sos morkos %","isPartOf":{"@id":"https:\/\/drasosmorkos.lt\/#website"},"datePublished":"2025-11-24T13:55:28+00:00","dateModified":"2026-03-23T08:20:27+00:00","description":"angl\u0173 kalbos lygio nustatymo testas Angl\u0173 kalbos lygio nustatymo testas","breadcrumb":{"@id":"https:\/\/drasosmorkos.lt\/?page_id=629#breadcrumb"},"inLanguage":"lt-LT","potentialAction":[{"@type":"ReadAction","target":["https:\/\/drasosmorkos.lt\/?page_id=629"]}]},{"@type":"BreadcrumbList","@id":"https:\/\/drasosmorkos.lt\/?page_id=629#breadcrumb","itemListElement":[{"@type":"ListItem","position":1,"name":"Home","item":"https:\/\/drasosmorkos.lt\/"},{"@type":"ListItem","position":2,"name":"Angl\u0173 kalbos lygio nustatymo testas"}]},{"@type":"WebSite","@id":"https:\/\/drasosmorkos.lt\/#website","url":"https:\/\/drasosmorkos.lt\/","name":"Dr\u0105sos morkos","description":"","publisher":{"@id":"https:\/\/drasosmorkos.lt\/#organization"},"potentialAction":[{"@type":"SearchAction","target":{"@type":"EntryPoint","urlTemplate":"https:\/\/drasosmorkos.lt\/?s={search_term_string}"},"query-input":{"@type":"PropertyValueSpecification","valueRequired":true,"valueName":"search_term_string"}}],"inLanguage":"lt-LT"},{"@type":"Organization","@id":"https:\/\/drasosmorkos.lt\/#organization","name":"Dr\u0105sos morkos","url":"https:\/\/drasosmorkos.lt\/","logo":{"@type":"ImageObject","inLanguage":"lt-LT","@id":"https:\/\/drasosmorkos.lt\/#\/schema\/logo\/image\/","url":"https:\/\/drasosmorkos.lt\/wp-content\/uploads\/2025\/11\/Drasos-morkos_logotipas_galutinis-variantas-4.png","contentUrl":"https:\/\/drasosmorkos.lt\/wp-content\/uploads\/2025\/11\/Drasos-morkos_logotipas_galutinis-variantas-4.png","width":500,"height":500,"caption":"Dr\u0105sos morkos"},"image":{"@id":"https:\/\/drasosmorkos.lt\/#\/schema\/logo\/image\/"},"sameAs":["https:\/\/www.facebook.com\/drasosmorkos\/","https:\/\/www.instagram.com\/drasosmorkos\/"]}]}},"_hostinger_reach_plugin_has_subscription_block":false,"_hostinger_reach_plugin_is_elementor":false,"_links":{"self":[{"href":"https:\/\/drasosmorkos.lt\/index.php?rest_route=\/wp\/v2\/pages\/629","targetHints":{"allow":["GET"]}}],"collection":[{"href":"https:\/\/drasosmorkos.lt\/index.php?rest_route=\/wp\/v2\/pages"}],"about":[{"href":"https:\/\/drasosmorkos.lt\/index.php?rest_route=\/wp\/v2\/types\/page"}],"author":[{"embeddable":true,"href":"https:\/\/drasosmorkos.lt\/index.php?rest_route=\/wp\/v2\/users\/1"}],"replies":[{"embeddable":true,"href":"https:\/\/drasosmorkos.lt\/index.php?rest_route=%2Fwp%2Fv2%2Fcomments&post=629"}],"version-history":[{"count":16,"href":"https:\/\/drasosmorkos.lt\/index.php?rest_route=\/wp\/v2\/pages\/629\/revisions"}],"predecessor-version":[{"id":1013,"href":"https:\/\/drasosmorkos.lt\/index.php?rest_route=\/wp\/v2\/pages\/629\/revisions\/1013"}],"wp:attachment":[{"href":"https:\/\/drasosmorkos.lt\/index.php?rest_route=%2Fwp%2Fv2%2Fmedia&parent=629"}],"curies":[{"name":"wp","href":"https:\/\/api.w.org\/{rel}","templated":true}]}}