{"id":733,"date":"2025-11-27T11:16:49","date_gmt":"2025-11-27T11:16:49","guid":{"rendered":"https:\/\/drasosmorkos.lt\/?page_id=733"},"modified":"2025-11-27T11:46:08","modified_gmt":"2025-11-27T11:46:08","slug":"moksleiviai-5-6-kl","status":"publish","type":"page","link":"https:\/\/drasosmorkos.lt\/?page_id=733","title":{"rendered":"Moksleiviai (5-6 kl.)"},"content":{"rendered":"<style id=\"wpforms-css-vars-745\">\n\t\t\t\t#wpforms-745 {\n\t\t\t\t--wpforms-container-padding: 0px;\n--wpforms-container-border-width: 1px;\n--wpforms-container-border-radius: 3px;\n--wpforms-background-color: rgba(0, 0, 0, 0);\n--wpforms-field-size-input-height: 43px;\n--wpforms-field-size-input-spacing: 15px;\n--wpforms-field-size-font-size: 16px;\n--wpforms-field-size-line-height: 19px;\n--wpforms-field-size-padding-h: 14px;\n--wpforms-field-size-checkbox-size: 16px;\n--wpforms-field-size-sublabel-spacing: 5px;\n--wpforms-field-size-icon-size: 1;\n--wpforms-label-size-font-size: 16px;\n--wpforms-label-size-line-height: 19px;\n--wpforms-label-size-sublabel-font-size: 14px;\n--wpforms-label-size-sublabel-line-height: 17px;\n--wpforms-button-size-font-size: 17px;\n--wpforms-button-size-height: 41px;\n--wpforms-button-size-padding-h: 15px;\n--wpforms-button-size-margin-top: 10px;\n--wpforms-container-shadow-size-box-shadow: none;\n\t\t\t}\n\t\t\t<\/style><div class=\"wpforms-container wpforms-container-full wpforms-render-modern\" id=\"wpforms-745\"><form id=\"wpforms-form-745\" class=\"wpforms-validate wpforms-form wpforms-ajax-form\" data-formid=\"745\" method=\"post\" enctype=\"multipart\/form-data\" action=\"\/index.php?rest_route=%2Fwp%2Fv2%2Fpages%2F733\" data-token=\"510f443f51140dcd6ec1efc76a20faf5\" data-token-time=\"1776034756\"><noscript class=\"wpforms-error-noscript\">Please enable JavaScript in your browser to complete this form.<\/noscript><div id=\"wpforms-error-noscript\" style=\"display: none;\">Please enable JavaScript in your browser to complete this form.<\/div><div class=\"wpforms-field-container\">\t\t<div id=\"wpforms-745-field_2-container\"\n\t\t\tclass=\"wpforms-field wpforms-field-text\"\n\t\t\tdata-field-type=\"text\"\n\t\t\tdata-field-id=\"2\"\n\t\t\t>\n\t\t\t<label class=\"wpforms-field-label\" for=\"wpforms-745-field_2\" >Pakartokite el.pa\u0161tas savo<\/label>\n\t\t\t<input type=\"text\" id=\"wpforms-745-field_2\" class=\"wpforms-field-medium\" name=\"wpforms[fields][2]\" >\n\t\t<\/div>\n\t\t<div id=\"wpforms-745-field_1-container\" class=\"wpforms-field wpforms-field-name\" data-field-id=\"1\"><label class=\"wpforms-field-label\" for=\"wpforms-745-field_1\">Vardas <span class=\"wpforms-required-label\" aria-hidden=\"true\">*<\/span><\/label><input type=\"text\" id=\"wpforms-745-field_1\" class=\"wpforms-field-small wpforms-field-required\" name=\"wpforms[fields][1]\" aria-errormessage=\"wpforms-745-field_1-error\" required><\/div><div id=\"wpforms-745-field_5-container\" class=\"wpforms-field wpforms-field-email\" data-field-id=\"5\"><label class=\"wpforms-field-label\" for=\"wpforms-745-field_5\">J\u016bs\u0173 el.pa\u0161tas <span class=\"wpforms-required-label\" aria-hidden=\"true\">*<\/span><\/label><input type=\"email\" id=\"wpforms-745-field_5\" class=\"wpforms-field-small wpforms-field-required\" name=\"wpforms[fields][5]\" spellcheck=\"false\" aria-errormessage=\"wpforms-745-field_5-error\" required><\/div><div id=\"wpforms-745-field_6-container\" class=\"wpforms-field wpforms-field-email\" data-field-id=\"6\"><label class=\"wpforms-field-label\" for=\"wpforms-745-field_6\">Pakartokite savo el.pa\u0161t\u0105 <span class=\"wpforms-required-label\" aria-hidden=\"true\">*<\/span><\/label><input type=\"email\" id=\"wpforms-745-field_6\" class=\"wpforms-field-small wpforms-field-required\" name=\"wpforms[fields][6]\" spellcheck=\"false\" aria-errormessage=\"wpforms-745-field_6-error\" required><\/div><div id=\"wpforms-745-field_3-container\" class=\"wpforms-field wpforms-field-textarea\" data-field-id=\"3\"><label class=\"wpforms-field-label\" for=\"wpforms-745-field_3\">Angl\u0173 kalbos \u017einios ir j\u0173 naudojimas (trumpai apra\u0161ykite) <span class=\"wpforms-required-label\" aria-hidden=\"true\">*<\/span><\/label><textarea id=\"wpforms-745-field_3\" class=\"wpforms-field-small wpforms-field-required\" name=\"wpforms[fields][3]\" aria-errormessage=\"wpforms-745-field_3-error\" required><\/textarea><\/div><script>\n\t\t\t\t( function() {\n\t\t\t\t\tconst style = document.createElement( 'style' );\n\t\t\t\t\tstyle.appendChild( document.createTextNode( '#wpforms-745-field_2-container { position: absolute !important; overflow: hidden !important; display: inline !important; height: 1px !important; width: 1px !important; z-index: -1000 !important; padding: 0 !important; } #wpforms-745-field_2-container input { visibility: hidden; } #wpforms-conversational-form-page #wpforms-745-field_2-container label { counter-increment: none; }' ) );\n\t\t\t\t\tdocument.head.appendChild( style );\n\t\t\t\t\tdocument.currentScript?.remove();\n\t\t\t\t} )();\n\t\t\t<\/script><\/div><!-- .wpforms-field-container --><div class=\"wpforms-submit-container\" ><input type=\"hidden\" name=\"wpforms[id]\" value=\"745\"><input type=\"hidden\" name=\"page_title\" value=\"\"><input type=\"hidden\" name=\"page_url\" value=\"https:\/\/drasosmorkos.lt\/index.php?rest_route=\/wp\/v2\/pages\/733\"><input type=\"hidden\" name=\"url_referer\" value=\"\"><button type=\"submit\" name=\"wpforms[submit]\" id=\"wpforms-submit-745\" class=\"wpforms-submit\" data-alt-text=\"Siun\u010diama\" data-submit-text=\"Pateikti\" aria-live=\"assertive\" value=\"wpforms-submit\">Pateikti<\/button><img loading=\"lazy\" decoding=\"async\" src=\"https:\/\/drasosmorkos.lt\/wp-content\/plugins\/wpforms-lite\/assets\/images\/submit-spin.svg\" class=\"wpforms-submit-spinner\" style=\"display: none;\" width=\"26\" height=\"26\" alt=\"Loading\"><\/div><\/form><\/div>  <!-- .wpforms-container -->\n\n\n\n<p class=\"has-base-color has-text-color has-link-color wp-elements-b48c9b5d5a8c33d86e7b2bc817532c38 wp-block-paragraph\">angl\u0173 kalbos kursai moksleiviams, angl\u0173 kalbos kursai moksleiviams, angl\u0173 kalbos kursai suaugusiems, angl\u0173 kalbos kursai suaugusiems<\/p>\n\n\n\n<p class=\"wp-block-paragraph\"><\/p>\n","protected":false},"excerpt":{"rendered":"<p>angl\u0173 kalbos kursai moksleiviams, angl\u0173 kalbos kursai moksleiviams, angl\u0173 kalbos kursai suaugusiems, angl\u0173 kalbos kursai suaugusiems<\/p>\n","protected":false},"author":1,"featured_media":0,"parent":0,"menu_order":0,"comment_status":"closed","ping_status":"closed","template":"","meta":{"_crdt_document":"","footnotes":""},"class_list":["post-733","page","type-page","status-publish","hentry"],"yoast_head":"<!-- This site is optimized with the Yoast SEO plugin v26.4 - https:\/\/yoast.com\/wordpress\/plugins\/seo\/ -->\n<title>Moksleiviai (5-6 kl.) - Dr\u0105sos morkos<\/title>\n<meta name=\"robots\" content=\"index, follow, max-snippet:-1, max-image-preview:large, max-video-preview:-1\" \/>\n<link rel=\"canonical\" href=\"https:\/\/drasosmorkos.lt\/?page_id=733\" \/>\n<meta property=\"og:locale\" content=\"lt_LT\" \/>\n<meta property=\"og:type\" content=\"article\" \/>\n<meta property=\"og:title\" content=\"Moksleiviai (5-6 kl.) - Dr\u0105sos morkos\" \/>\n<meta property=\"og:description\" content=\"angl\u0173 kalbos kursai moksleiviams, angl\u0173 kalbos kursai moksleiviams, angl\u0173 kalbos kursai suaugusiems, angl\u0173 kalbos kursai suaugusiems\" \/>\n<meta property=\"og:url\" content=\"https:\/\/drasosmorkos.lt\/?page_id=733\" \/>\n<meta property=\"og:site_name\" content=\"Dr\u0105sos morkos\" \/>\n<meta property=\"article:publisher\" content=\"https:\/\/www.facebook.com\/drasosmorkos\/\" \/>\n<meta property=\"article:modified_time\" content=\"2025-11-27T11:46:08+00:00\" \/>\n<meta name=\"twitter:card\" content=\"summary_large_image\" \/>\n<meta name=\"twitter:label1\" content=\"Est. reading time\" \/>\n\t<meta name=\"twitter:data1\" content=\"1 minut\u0117\" \/>\n<script type=\"application\/ld+json\" class=\"yoast-schema-graph\">{\"@context\":\"https:\/\/schema.org\",\"@graph\":[{\"@type\":\"WebPage\",\"@id\":\"https:\/\/drasosmorkos.lt\/?page_id=733\",\"url\":\"https:\/\/drasosmorkos.lt\/?page_id=733\",\"name\":\"Moksleiviai (5-6 kl.) - Dr\u0105sos morkos\",\"isPartOf\":{\"@id\":\"https:\/\/drasosmorkos.lt\/#website\"},\"datePublished\":\"2025-11-27T11:16:49+00:00\",\"dateModified\":\"2025-11-27T11:46:08+00:00\",\"breadcrumb\":{\"@id\":\"https:\/\/drasosmorkos.lt\/?page_id=733#breadcrumb\"},\"inLanguage\":\"lt-LT\",\"potentialAction\":[{\"@type\":\"ReadAction\",\"target\":[\"https:\/\/drasosmorkos.lt\/?page_id=733\"]}]},{\"@type\":\"BreadcrumbList\",\"@id\":\"https:\/\/drasosmorkos.lt\/?page_id=733#breadcrumb\",\"itemListElement\":[{\"@type\":\"ListItem\",\"position\":1,\"name\":\"Home\",\"item\":\"https:\/\/drasosmorkos.lt\/\"},{\"@type\":\"ListItem\",\"position\":2,\"name\":\"Moksleiviai (5-6 kl.)\"}]},{\"@type\":\"WebSite\",\"@id\":\"https:\/\/drasosmorkos.lt\/#website\",\"url\":\"https:\/\/drasosmorkos.lt\/\",\"name\":\"Dr\u0105sos morkos\",\"description\":\"\",\"publisher\":{\"@id\":\"https:\/\/drasosmorkos.lt\/#organization\"},\"potentialAction\":[{\"@type\":\"SearchAction\",\"target\":{\"@type\":\"EntryPoint\",\"urlTemplate\":\"https:\/\/drasosmorkos.lt\/?s={search_term_string}\"},\"query-input\":{\"@type\":\"PropertyValueSpecification\",\"valueRequired\":true,\"valueName\":\"search_term_string\"}}],\"inLanguage\":\"lt-LT\"},{\"@type\":\"Organization\",\"@id\":\"https:\/\/drasosmorkos.lt\/#organization\",\"name\":\"Dr\u0105sos morkos\",\"url\":\"https:\/\/drasosmorkos.lt\/\",\"logo\":{\"@type\":\"ImageObject\",\"inLanguage\":\"lt-LT\",\"@id\":\"https:\/\/drasosmorkos.lt\/#\/schema\/logo\/image\/\",\"url\":\"https:\/\/drasosmorkos.lt\/wp-content\/uploads\/2025\/11\/Drasos-morkos_logotipas_galutinis-variantas-4.png\",\"contentUrl\":\"https:\/\/drasosmorkos.lt\/wp-content\/uploads\/2025\/11\/Drasos-morkos_logotipas_galutinis-variantas-4.png\",\"width\":500,\"height\":500,\"caption\":\"Dr\u0105sos morkos\"},\"image\":{\"@id\":\"https:\/\/drasosmorkos.lt\/#\/schema\/logo\/image\/\"},\"sameAs\":[\"https:\/\/www.facebook.com\/drasosmorkos\/\",\"https:\/\/www.instagram.com\/drasosmorkos\/\"]}]}<\/script>\n<!-- \/ Yoast SEO plugin. -->","yoast_head_json":{"title":"Moksleiviai (5-6 kl.) - Dr\u0105sos morkos","robots":{"index":"index","follow":"follow","max-snippet":"max-snippet:-1","max-image-preview":"max-image-preview:large","max-video-preview":"max-video-preview:-1"},"canonical":"https:\/\/drasosmorkos.lt\/?page_id=733","og_locale":"lt_LT","og_type":"article","og_title":"Moksleiviai (5-6 kl.) - Dr\u0105sos morkos","og_description":"angl\u0173 kalbos kursai moksleiviams, angl\u0173 kalbos kursai moksleiviams, angl\u0173 kalbos kursai suaugusiems, angl\u0173 kalbos kursai suaugusiems","og_url":"https:\/\/drasosmorkos.lt\/?page_id=733","og_site_name":"Dr\u0105sos morkos","article_publisher":"https:\/\/www.facebook.com\/drasosmorkos\/","article_modified_time":"2025-11-27T11:46:08+00:00","twitter_card":"summary_large_image","twitter_misc":{"Est. reading time":"1 minut\u0117"},"schema":{"@context":"https:\/\/schema.org","@graph":[{"@type":"WebPage","@id":"https:\/\/drasosmorkos.lt\/?page_id=733","url":"https:\/\/drasosmorkos.lt\/?page_id=733","name":"Moksleiviai (5-6 kl.) - Dr\u0105sos morkos","isPartOf":{"@id":"https:\/\/drasosmorkos.lt\/#website"},"datePublished":"2025-11-27T11:16:49+00:00","dateModified":"2025-11-27T11:46:08+00:00","breadcrumb":{"@id":"https:\/\/drasosmorkos.lt\/?page_id=733#breadcrumb"},"inLanguage":"lt-LT","potentialAction":[{"@type":"ReadAction","target":["https:\/\/drasosmorkos.lt\/?page_id=733"]}]},{"@type":"BreadcrumbList","@id":"https:\/\/drasosmorkos.lt\/?page_id=733#breadcrumb","itemListElement":[{"@type":"ListItem","position":1,"name":"Home","item":"https:\/\/drasosmorkos.lt\/"},{"@type":"ListItem","position":2,"name":"Moksleiviai (5-6 kl.)"}]},{"@type":"WebSite","@id":"https:\/\/drasosmorkos.lt\/#website","url":"https:\/\/drasosmorkos.lt\/","name":"Dr\u0105sos morkos","description":"","publisher":{"@id":"https:\/\/drasosmorkos.lt\/#organization"},"potentialAction":[{"@type":"SearchAction","target":{"@type":"EntryPoint","urlTemplate":"https:\/\/drasosmorkos.lt\/?s={search_term_string}"},"query-input":{"@type":"PropertyValueSpecification","valueRequired":true,"valueName":"search_term_string"}}],"inLanguage":"lt-LT"},{"@type":"Organization","@id":"https:\/\/drasosmorkos.lt\/#organization","name":"Dr\u0105sos morkos","url":"https:\/\/drasosmorkos.lt\/","logo":{"@type":"ImageObject","inLanguage":"lt-LT","@id":"https:\/\/drasosmorkos.lt\/#\/schema\/logo\/image\/","url":"https:\/\/drasosmorkos.lt\/wp-content\/uploads\/2025\/11\/Drasos-morkos_logotipas_galutinis-variantas-4.png","contentUrl":"https:\/\/drasosmorkos.lt\/wp-content\/uploads\/2025\/11\/Drasos-morkos_logotipas_galutinis-variantas-4.png","width":500,"height":500,"caption":"Dr\u0105sos morkos"},"image":{"@id":"https:\/\/drasosmorkos.lt\/#\/schema\/logo\/image\/"},"sameAs":["https:\/\/www.facebook.com\/drasosmorkos\/","https:\/\/www.instagram.com\/drasosmorkos\/"]}]}},"_hostinger_reach_plugin_has_subscription_block":false,"_hostinger_reach_plugin_is_elementor":false,"_links":{"self":[{"href":"https:\/\/drasosmorkos.lt\/index.php?rest_route=\/wp\/v2\/pages\/733","targetHints":{"allow":["GET"]}}],"collection":[{"href":"https:\/\/drasosmorkos.lt\/index.php?rest_route=\/wp\/v2\/pages"}],"about":[{"href":"https:\/\/drasosmorkos.lt\/index.php?rest_route=\/wp\/v2\/types\/page"}],"author":[{"embeddable":true,"href":"https:\/\/drasosmorkos.lt\/index.php?rest_route=\/wp\/v2\/users\/1"}],"replies":[{"embeddable":true,"href":"https:\/\/drasosmorkos.lt\/index.php?rest_route=%2Fwp%2Fv2%2Fcomments&post=733"}],"version-history":[{"count":3,"href":"https:\/\/drasosmorkos.lt\/index.php?rest_route=\/wp\/v2\/pages\/733\/revisions"}],"predecessor-version":[{"id":766,"href":"https:\/\/drasosmorkos.lt\/index.php?rest_route=\/wp\/v2\/pages\/733\/revisions\/766"}],"wp:attachment":[{"href":"https:\/\/drasosmorkos.lt\/index.php?rest_route=%2Fwp%2Fv2%2Fmedia&parent=733"}],"curies":[{"name":"wp","href":"https:\/\/api.w.org\/{rel}","templated":true}]}}